{"id":1006,"date":"2016-07-14T10:06:29","date_gmt":"2016-07-14T08:06:29","guid":{"rendered":"http:\/\/guixeres.basicestudioonline.com\/es\/?page_id=1006"},"modified":"2025-02-12T16:53:21","modified_gmt":"2025-02-12T15:53:21","slug":"asociacion-empresarial-badalona","status":"publish","type":"page","link":"https:\/\/www.lesguixeres.com\/es\/asociacion-empresarial-badalona\/","title":{"rendered":"Contacto"},"content":{"rendered":"\n<style type=\"text\/css\" data-created_by=\"avia_inline_auto\" id=\"style-css-av-ki63fy-2d23d61e0e3a23106514601c71649fa7\">\n.avia-section.av-ki63fy-2d23d61e0e3a23106514601c71649fa7{\nbackground-color:#333333;\nbackground-image:url(https:\/\/www.lesguixeres.com\/wp-content\/uploads\/2016\/07\/home-header-blau.png);\nbackground-repeat:no-repeat;\nbackground-position:100% 100%;\nbackground-attachment:scroll;\n}\n.avia-section.av-ki63fy-2d23d61e0e3a23106514601c71649fa7 .av-extra-border-element .av-extra-border-inner{\nbackground-color:#333333;\n}\n<\/style>\n<div id='av_section_1'  class='avia-section av-ki63fy-2d23d61e0e3a23106514601c71649fa7 main_color avia-section-default avia-no-border-styling  avia-builder-el-0  el_before_av_section  avia-builder-el-first  avia-bg-style-scroll av-arrow-down-section av-minimum-height av-minimum-height-custom av-height-custom  container_wrap fullsize'  data-section-bg-repeat='no-repeat' data-av_minimum_height_px='430'><div class='container av-section-cont-open' style='height:430px'><main  role=\"main\" itemprop=\"mainContentOfPage\"  class='template-page content  av-content-full alpha units'><div class='post-entry post-entry-type-page post-entry-1006'><div class='entry-content-wrapper clearfix'>\n\n<style type=\"text\/css\" data-created_by=\"avia_inline_auto\" id=\"style-css-av-ipn4we-51d7a7d999121813385383a15876685c\">\n#top .av-special-heading.av-ipn4we-51d7a7d999121813385383a15876685c{\npadding-bottom:40px;\ncolor:#ffffff;\n}\nbody .av-special-heading.av-ipn4we-51d7a7d999121813385383a15876685c .av-special-heading-tag .heading-char{\nfont-size:25px;\n}\n.av-special-heading.av-ipn4we-51d7a7d999121813385383a15876685c .special-heading-inner-border{\nborder-color:#ffffff;\n}\n.av-special-heading.av-ipn4we-51d7a7d999121813385383a15876685c .av-subheading{\nfont-size:20px;\n}\n<\/style>\n<div  class='av-special-heading av-ipn4we-51d7a7d999121813385383a15876685c av-special-heading-h1 custom-color-heading blockquote modern-quote  avia-builder-el-1  avia-builder-el-no-sibling '><div class='av_custom_color av-subheading av-subheading_above'><p>Estamos a su disposici\u00f3n<\/p>\n<\/div><h1 class='av-special-heading-tag '  itemprop=\"headline\"  >Contacte con nosotros<\/h1><div class=\"special-heading-border\"><div class=\"special-heading-inner-border\"><\/div><\/div><\/div>\n\n<\/div><\/div><\/main><!-- close content main element --><\/div><div class='av-extra-border-element border-extra-arrow-down'><div class='av-extra-border-outer'><div class='av-extra-border-inner'><\/div><\/div><\/div><\/div>\n<style type=\"text\/css\" data-created_by=\"avia_inline_auto\" id=\"style-css-av-h3bxwu-29203a54d170168f476c13d571ac3634\">\n.avia-section.av-h3bxwu-29203a54d170168f476c13d571ac3634 .av-extra-border-element .av-extra-border-inner{\nbackground-color:#ffffff;\n}\n<\/style>\n<div id='av_section_2'  class='avia-section av-h3bxwu-29203a54d170168f476c13d571ac3634 main_color avia-section-default avia-no-shadow  avia-builder-el-2  el_after_av_section  el_before_av_layout_row  avia-bg-style-scroll av-arrow-down-section container_wrap fullsize'  ><div class='container av-section-cont-open' ><div class='template-page content  av-content-full alpha units'><div class='post-entry post-entry-type-page post-entry-1006'><div class='entry-content-wrapper clearfix'>\n\n<style type=\"text\/css\" data-created_by=\"avia_inline_auto\" id=\"style-css-av-g0u9ni-1f819c2a686e2121667a7bbb7da84b02\">\n#top .hr.hr-invisible.av-g0u9ni-1f819c2a686e2121667a7bbb7da84b02{\nheight:15px;\n}\n<\/style>\n<div  class='hr av-g0u9ni-1f819c2a686e2121667a7bbb7da84b02 hr-invisible  avia-builder-el-3  el_before_av_heading  avia-builder-el-first '><span class='hr-inner '><span class=\"hr-inner-style\"><\/span><\/span><\/div>\n\n<style type=\"text\/css\" data-created_by=\"avia_inline_auto\" id=\"style-css-av-dz88f2-e2db4059bb5b52e00a6a3d13af80813b\">\n#top .av-special-heading.av-dz88f2-e2db4059bb5b52e00a6a3d13af80813b{\npadding-bottom:10px;\ncolor:#00adef;\n}\nbody .av-special-heading.av-dz88f2-e2db4059bb5b52e00a6a3d13af80813b .av-special-heading-tag .heading-char{\nfont-size:25px;\n}\n.av-special-heading.av-dz88f2-e2db4059bb5b52e00a6a3d13af80813b .special-heading-inner-border{\nborder-color:#00adef;\n}\n.av-special-heading.av-dz88f2-e2db4059bb5b52e00a6a3d13af80813b .av-subheading{\nfont-size:15px;\n}\n<\/style>\n<div  class='av-special-heading av-dz88f2-e2db4059bb5b52e00a6a3d13af80813b av-special-heading-h2 custom-color-heading blockquote modern-quote modern-centered  avia-builder-el-4  el_after_av_hr  el_before_av_textblock '><h2 class='av-special-heading-tag '  itemprop=\"headline\"  >Asociaci\u00f3n Empresarial Les Guixeres<\/h2><div class=\"special-heading-border\"><div class=\"special-heading-inner-border\"><\/div><\/div><\/div>\n<section  class='av_textblock_section av-cxo7ku-76f2943b918468e57e486577203584f3 '   itemscope=\"itemscope\" itemtype=\"https:\/\/schema.org\/CreativeWork\" ><div class='avia_textblock'  itemprop=\"text\" ><p style=\"text-align: center;\">Electr\u00f2nica 19, 9-C \u00b7 Pol. Ind. Les Guixeres<br \/>\n08915 Badalona<br \/>\n932 995 229 \u00b7 610 479 691<br \/>\n<a href=\"mailto:aelesguixeres@lesguixeres.com\">aelesguixeres@lesguixeres.com<\/a><\/p>\n<\/div><\/section>\n\n<style type=\"text\/css\" data-created_by=\"avia_inline_auto\" id=\"style-css-av-bceiwe-4d1a6e34292e7c4a75cd1bfd2e79d4f5\">\n#top .hr.hr-invisible.av-bceiwe-4d1a6e34292e7c4a75cd1bfd2e79d4f5{\nheight:30px;\n}\n<\/style>\n<div  class='hr av-bceiwe-4d1a6e34292e7c4a75cd1bfd2e79d4f5 hr-invisible  avia-builder-el-6  el_after_av_textblock  avia-builder-el-last '><span class='hr-inner '><span class=\"hr-inner-style\"><\/span><\/span><\/div>\n<\/div><\/div><\/div><!-- close content main div --><\/div><div class='av-extra-border-element border-extra-arrow-down'><div class='av-extra-border-outer'><div class='av-extra-border-inner'><\/div><\/div><\/div><\/div><div id='av-layout-grid-1'  class='av-layout-grid-container av-98rm7i-76dc36fc0e53bc0a965547879483444a entry-content-wrapper main_color av-flex-cells  avia-builder-el-7  el_after_av_section  el_before_av_section  grid-row-not-first  container_wrap fullsize'  >\n\n<style type=\"text\/css\" data-created_by=\"avia_inline_auto\" id=\"style-css-av-2pram-7a71c70c1fcb621b1a29827acf55fada\">\n.flex_cell.av-2pram-7a71c70c1fcb621b1a29827acf55fada{\nvertical-align:top;\n}\n.responsive #top #wrap_all .flex_cell.av-2pram-7a71c70c1fcb621b1a29827acf55fada{\npadding:0px 0px 0px 0px !important;\n}\n<\/style>\n<div class='flex_cell av-2pram-7a71c70c1fcb621b1a29827acf55fada av-gridrow-cell av_one_full no_margin  avia-builder-el-8  avia-builder-el-no-sibling  content-align-top av-zero-padding'  ><div class='flex_cell_inner'>\n<\/div><\/div>\n<\/div><\/p>\n\n<style type=\"text\/css\" data-created_by=\"avia_inline_auto\" id=\"style-css-av-4icxfy-50e032d1ca1b703e793a08ee6eccc2ac\">\n.avia-section.av-4icxfy-50e032d1ca1b703e793a08ee6eccc2ac{\nbackground-color:#efefef;\nbackground-image:unset;\n}\n<\/style>\n<div id='av_section_3'  class='avia-section av-4icxfy-50e032d1ca1b703e793a08ee6eccc2ac main_color avia-section-default avia-no-shadow  avia-builder-el-10  el_after_av_layout_row  avia-builder-el-last  avia-bg-style-scroll container_wrap fullsize'  ><div class='container av-section-cont-open' ><div class='template-page content  av-content-full alpha units'><div class='post-entry post-entry-type-page post-entry-1006'><div class='entry-content-wrapper clearfix'>\n<section  class='av_textblock_section av-k3k809n5-efa45e0acbc3dceaa78129a0ca87159c '   itemscope=\"itemscope\" itemtype=\"https:\/\/schema.org\/CreativeWork\" ><div class='avia_textblock'  itemprop=\"text\" ><p style=\"text-align: center;\"><img loading=\"lazy\" decoding=\"async\" class=\"alignnone size-medium wp-image-722\" src=\"\/wp-content\/uploads\/2014\/08\/logo-guixeras-300x99.png\" alt=\"logo-guixeras\" width=\"300\" height=\"99\" srcset=\"https:\/\/www.lesguixeres.com\/wp-content\/uploads\/2014\/08\/logo-guixeras-300x99.png 300w, https:\/\/www.lesguixeres.com\/wp-content\/uploads\/2014\/08\/logo-guixeras.png 338w\" sizes=\"auto, (max-width: 300px) 100vw, 300px\" \/><\/p>\n<\/div><\/section>\n\n<style type=\"text\/css\" data-created_by=\"avia_inline_auto\" id=\"style-css-av-29r9ke-f15bd4a5d425b3e66e131030a764196b\">\n#top .hr.hr-invisible.av-29r9ke-f15bd4a5d425b3e66e131030a764196b{\nheight:10px;\n}\n<\/style>\n<div  class='hr av-29r9ke-f15bd4a5d425b3e66e131030a764196b hr-invisible  avia-builder-el-12  el_after_av_textblock  avia-builder-el-last '><span class='hr-inner '><span class=\"hr-inner-style\"><\/span><\/span><\/div>\n\n","protected":false},"excerpt":{"rendered":"","protected":false},"author":1,"featured_media":0,"parent":0,"menu_order":0,"comment_status":"open","ping_status":"open","template":"","meta":{"footnotes":""},"class_list":["post-1006","page","type-page","status-publish","hentry"],"yoast_head":"<!-- This site is optimized with the Yoast SEO plugin v27.4 - https:\/\/yoast.com\/product\/yoast-seo-wordpress\/ -->\n<title>Asociaci\u00f3n Empresarial de Badalona | LES GUIXERES<\/title>\n<meta name=\"description\" content=\"Asociaci\u00f3n Empresarial de Badalona | LES GUIXERES Asociaci\u00f3n Empresarial\" \/>\n<meta name=\"robots\" content=\"index, follow, max-snippet:-1, max-image-preview:large, max-video-preview:-1\" \/>\n<link rel=\"canonical\" href=\"https:\/\/www.lesguixeres.com\/es\/asociacion-empresarial-badalona\/\" \/>\n<meta property=\"og:locale\" content=\"es_ES\" \/>\n<meta property=\"og:type\" content=\"article\" \/>\n<meta property=\"og:title\" content=\"Asociaci\u00f3n Empresarial de Badalona | LES GUIXERES\" \/>\n<meta property=\"og:description\" content=\"Asociaci\u00f3n Empresarial de Badalona | LES GUIXERES Asociaci\u00f3n Empresarial\" \/>\n<meta property=\"og:url\" content=\"https:\/\/www.lesguixeres.com\/es\/asociacion-empresarial-badalona\/\" \/>\n<meta property=\"og:site_name\" content=\"LES GUIXERES\" \/>\n<meta property=\"article:modified_time\" content=\"2025-02-12T15:53:21+00:00\" \/>\n<meta name=\"twitter:card\" content=\"summary_large_image\" \/>\n<meta name=\"twitter:label1\" content=\"Tiempo de lectura\" \/>\n\t<meta name=\"twitter:data1\" content=\"1 minuto\" \/>\n<script type=\"application\/ld+json\" class=\"yoast-schema-graph\">{\"@context\":\"https:\\\/\\\/schema.org\",\"@graph\":[{\"@type\":\"WebPage\",\"@id\":\"https:\\\/\\\/www.lesguixeres.com\\\/es\\\/asociacion-empresarial-badalona\\\/\",\"url\":\"https:\\\/\\\/www.lesguixeres.com\\\/es\\\/asociacion-empresarial-badalona\\\/\",\"name\":\"Asociaci\u00f3n Empresarial de Badalona | LES GUIXERES\",\"isPartOf\":{\"@id\":\"https:\\\/\\\/www.lesguixeres.com\\\/#website\"},\"datePublished\":\"2016-07-14T08:06:29+00:00\",\"dateModified\":\"2025-02-12T15:53:21+00:00\",\"description\":\"Asociaci\u00f3n Empresarial de Badalona | LES GUIXERES Asociaci\u00f3n Empresarial\",\"breadcrumb\":{\"@id\":\"https:\\\/\\\/www.lesguixeres.com\\\/es\\\/asociacion-empresarial-badalona\\\/#breadcrumb\"},\"inLanguage\":\"es\",\"potentialAction\":[{\"@type\":\"ReadAction\",\"target\":[\"https:\\\/\\\/www.lesguixeres.com\\\/es\\\/asociacion-empresarial-badalona\\\/\"]}]},{\"@type\":\"BreadcrumbList\",\"@id\":\"https:\\\/\\\/www.lesguixeres.com\\\/es\\\/asociacion-empresarial-badalona\\\/#breadcrumb\",\"itemListElement\":[{\"@type\":\"ListItem\",\"position\":1,\"name\":\"Portada\",\"item\":\"https:\\\/\\\/www.lesguixeres.com\\\/es\\\/\"},{\"@type\":\"ListItem\",\"position\":2,\"name\":\"Contacto\"}]},{\"@type\":\"WebSite\",\"@id\":\"https:\\\/\\\/www.lesguixeres.com\\\/#website\",\"url\":\"https:\\\/\\\/www.lesguixeres.com\\\/\",\"name\":\"LES GUIXERES\",\"description\":\"Asociaci\u00f3n Empresarial\",\"potentialAction\":[{\"@type\":\"SearchAction\",\"target\":{\"@type\":\"EntryPoint\",\"urlTemplate\":\"https:\\\/\\\/www.lesguixeres.com\\\/?s={search_term_string}\"},\"query-input\":{\"@type\":\"PropertyValueSpecification\",\"valueRequired\":true,\"valueName\":\"search_term_string\"}}],\"inLanguage\":\"es\"}]}<\/script>\n<!-- \/ Yoast SEO plugin. -->","yoast_head_json":{"title":"Asociaci\u00f3n Empresarial de Badalona | LES GUIXERES","description":"Asociaci\u00f3n Empresarial de Badalona | LES GUIXERES Asociaci\u00f3n Empresarial","robots":{"index":"index","follow":"follow","max-snippet":"max-snippet:-1","max-image-preview":"max-image-preview:large","max-video-preview":"max-video-preview:-1"},"canonical":"https:\/\/www.lesguixeres.com\/es\/asociacion-empresarial-badalona\/","og_locale":"es_ES","og_type":"article","og_title":"Asociaci\u00f3n Empresarial de Badalona | LES GUIXERES","og_description":"Asociaci\u00f3n Empresarial de Badalona | LES GUIXERES Asociaci\u00f3n Empresarial","og_url":"https:\/\/www.lesguixeres.com\/es\/asociacion-empresarial-badalona\/","og_site_name":"LES GUIXERES","article_modified_time":"2025-02-12T15:53:21+00:00","twitter_card":"summary_large_image","twitter_misc":{"Tiempo de lectura":"1 minuto"},"schema":{"@context":"https:\/\/schema.org","@graph":[{"@type":"WebPage","@id":"https:\/\/www.lesguixeres.com\/es\/asociacion-empresarial-badalona\/","url":"https:\/\/www.lesguixeres.com\/es\/asociacion-empresarial-badalona\/","name":"Asociaci\u00f3n Empresarial de Badalona | LES GUIXERES","isPartOf":{"@id":"https:\/\/www.lesguixeres.com\/#website"},"datePublished":"2016-07-14T08:06:29+00:00","dateModified":"2025-02-12T15:53:21+00:00","description":"Asociaci\u00f3n Empresarial de Badalona | LES GUIXERES Asociaci\u00f3n Empresarial","breadcrumb":{"@id":"https:\/\/www.lesguixeres.com\/es\/asociacion-empresarial-badalona\/#breadcrumb"},"inLanguage":"es","potentialAction":[{"@type":"ReadAction","target":["https:\/\/www.lesguixeres.com\/es\/asociacion-empresarial-badalona\/"]}]},{"@type":"BreadcrumbList","@id":"https:\/\/www.lesguixeres.com\/es\/asociacion-empresarial-badalona\/#breadcrumb","itemListElement":[{"@type":"ListItem","position":1,"name":"Portada","item":"https:\/\/www.lesguixeres.com\/es\/"},{"@type":"ListItem","position":2,"name":"Contacto"}]},{"@type":"WebSite","@id":"https:\/\/www.lesguixeres.com\/#website","url":"https:\/\/www.lesguixeres.com\/","name":"LES GUIXERES","description":"Asociaci\u00f3n Empresarial","potentialAction":[{"@type":"SearchAction","target":{"@type":"EntryPoint","urlTemplate":"https:\/\/www.lesguixeres.com\/?s={search_term_string}"},"query-input":{"@type":"PropertyValueSpecification","valueRequired":true,"valueName":"search_term_string"}}],"inLanguage":"es"}]}},"_links":{"self":[{"href":"https:\/\/www.lesguixeres.com\/es\/wp-json\/wp\/v2\/pages\/1006","targetHints":{"allow":["GET"]}}],"collection":[{"href":"https:\/\/www.lesguixeres.com\/es\/wp-json\/wp\/v2\/pages"}],"about":[{"href":"https:\/\/www.lesguixeres.com\/es\/wp-json\/wp\/v2\/types\/page"}],"author":[{"embeddable":true,"href":"https:\/\/www.lesguixeres.com\/es\/wp-json\/wp\/v2\/users\/1"}],"replies":[{"embeddable":true,"href":"https:\/\/www.lesguixeres.com\/es\/wp-json\/wp\/v2\/comments?post=1006"}],"version-history":[{"count":15,"href":"https:\/\/www.lesguixeres.com\/es\/wp-json\/wp\/v2\/pages\/1006\/revisions"}],"predecessor-version":[{"id":3025,"href":"https:\/\/www.lesguixeres.com\/es\/wp-json\/wp\/v2\/pages\/1006\/revisions\/3025"}],"wp:attachment":[{"href":"https:\/\/www.lesguixeres.com\/es\/wp-json\/wp\/v2\/media?parent=1006"}],"curies":[{"name":"wp","href":"https:\/\/api.w.org\/{rel}","templated":true}]}}