{"id":1041,"date":"2016-07-14T11:37:42","date_gmt":"2016-07-14T09:37:42","guid":{"rendered":"http:\/\/guixeres.basicestudioonline.com\/es\/?page_id=1041"},"modified":"2016-07-14T12:38:16","modified_gmt":"2016-07-14T10:38:16","slug":"notas-legales","status":"publish","type":"page","link":"https:\/\/www.lesguixeres.com\/es\/notas-legales\/","title":{"rendered":"Notas Legales"},"content":{"rendered":"\n<style type=\"text\/css\" data-created_by=\"avia_inline_auto\" id=\"style-css-av-av_section-7dd1f4f8849535980d1a2cecf424049b\">\n.avia-section.av-av_section-7dd1f4f8849535980d1a2cecf424049b{\nbackground-color:#3a6f8f;\nbackground-image:unset;\n}\n.avia-section.av-av_section-7dd1f4f8849535980d1a2cecf424049b .av-extra-border-element .av-extra-border-inner{\nbackground-color:#3a6f8f;\n}\n<\/style>\n<div id='av_section_1'  class='avia-section av-av_section-7dd1f4f8849535980d1a2cecf424049b main_color avia-section-default avia-no-border-styling  avia-builder-el-0  el_before_av_hr  avia-builder-el-first  avia-bg-style-scroll av-arrow-down-section av-minimum-height av-minimum-height-custom av-height-custom  container_wrap fullsize'   data-av_minimum_height_px='430'><div class='container av-section-cont-open' style='height:430px'><main  role=\"main\" itemprop=\"mainContentOfPage\"  class='template-page content  av-content-full alpha units'><div class='post-entry post-entry-type-page post-entry-1041'><div class='entry-content-wrapper clearfix'>\n\n<style type=\"text\/css\" data-created_by=\"avia_inline_auto\" id=\"style-css-av-av_heading-0902c8bee07ad267ec111c71556b0375\">\n#top .av-special-heading.av-av_heading-0902c8bee07ad267ec111c71556b0375{\npadding-bottom:40px;\ncolor:#ffffff;\nfont-size:72px;\n}\nbody .av-special-heading.av-av_heading-0902c8bee07ad267ec111c71556b0375 .av-special-heading-tag .heading-char{\nfont-size:25px;\n}\n#top #wrap_all .av-special-heading.av-av_heading-0902c8bee07ad267ec111c71556b0375 .av-special-heading-tag{\nfont-size:72px;\n}\n.av-special-heading.av-av_heading-0902c8bee07ad267ec111c71556b0375 .special-heading-inner-border{\nborder-color:#ffffff;\n}\n.av-special-heading.av-av_heading-0902c8bee07ad267ec111c71556b0375 .av-subheading{\nfont-size:20px;\n}\n\n@media only screen and (min-width: 480px) and (max-width: 767px){ \n#top #wrap_all .av-special-heading.av-av_heading-0902c8bee07ad267ec111c71556b0375 .av-special-heading-tag{\nfont-size:0.8em;\n}\n}\n\n@media only screen and (max-width: 479px){ \n#top #wrap_all .av-special-heading.av-av_heading-0902c8bee07ad267ec111c71556b0375 .av-special-heading-tag{\nfont-size:0.8em;\n}\n}\n<\/style>\n<div  class='av-special-heading av-av_heading-0902c8bee07ad267ec111c71556b0375 av-special-heading-h2 custom-color-heading blockquote modern-quote  avia-builder-el-1  avia-builder-el-no-sibling  av-inherit-size'><div class='av_custom_color av-subheading av-subheading_above'><p>Asociaci\u00f3n Empresarial Les Guixeres<\/p>\n<\/div><h2 class='av-special-heading-tag '  itemprop=\"headline\"  >Notas Legales<\/h2><div class=\"special-heading-border\"><div class=\"special-heading-inner-border\"><\/div><\/div><\/div>\n<\/div><\/div><\/main><!-- close content main element --><\/div><div class='av-extra-border-element border-extra-arrow-down'><div class='av-extra-border-outer'><div class='av-extra-border-inner'><\/div><\/div><\/div><\/div><div id='after_section_1'  class='main_color av_default_container_wrap container_wrap fullsize'  ><div class='container av-section-cont-open' ><div class='template-page content  av-content-full alpha units'><div class='post-entry post-entry-type-page post-entry-1041'><div class='entry-content-wrapper clearfix'>\n\n<style type=\"text\/css\" data-created_by=\"avia_inline_auto\" id=\"style-css-av-av_hr-c534e365fd60eb6e31190076e263ff8d\">\n#top .hr.hr-invisible.av-av_hr-c534e365fd60eb6e31190076e263ff8d{\nheight:30px;\n}\n<\/style>\n<div  class='hr av-av_hr-c534e365fd60eb6e31190076e263ff8d hr-invisible  avia-builder-el-2  el_after_av_section  el_before_av_one_full  avia-builder-el-first '><span class='hr-inner '><span class=\"hr-inner-style\"><\/span><\/span><\/div>\n\n<style type=\"text\/css\" data-created_by=\"avia_inline_auto\" id=\"style-css-av-av_one_full-9497bbf8bff73ea4c6992cc17fa9ec36\">\n.flex_column.av-av_one_full-9497bbf8bff73ea4c6992cc17fa9ec36{\nborder-radius:0px 0px 0px 0px;\npadding:0px 0px 0px 0px;\n}\n<\/style>\n<div  class='flex_column av-av_one_full-9497bbf8bff73ea4c6992cc17fa9ec36 av_one_full  avia-builder-el-3  el_after_av_hr  avia-builder-el-last  first flex_column_div av-zero-column-padding  '     ><p><section  class='av_textblock_section av-av_textblock-0366cc7376be6c9e82a3e9cc8987b64f '   itemscope=\"itemscope\" itemtype=\"https:\/\/schema.org\/CreativeWork\" ><div class='avia_textblock'  itemprop=\"text\" ><p>Les Guixeres Asociaci\u00f3n Empresarial\u00a0(en adelante \u201cel titular\u201d) insta al usuario de este sitio web (en adelante \u201cel usuario\u201d) a que lea los aspectos legales que a continuaci\u00f3n se exponen.<\/p>\n<p>El hecho de navegar por este sitio web implica su conocimiento y aceptaci\u00f3n por parte del usuario.<\/p>\n<p>De acuerdo con la Ley Org\u00e1nica 15\/1999 de 13 de diciembre sobre Protecci\u00f3n de Datos de Car\u00e1cter Personal (LOPD), la Ley 34\/2002 de 11 de julio sobre Servicios de la Sociedad de la Informaci\u00f3n y de Comercio Electr\u00f3nico (LSSICE) y el Real Decreto Legislativo 1\/1996 de 12 de abril por el que se aprueba el texto refundido de la Ley de Propiedad Intelectual, el titular informa al usuario de los siguientes aspectos legales:<\/p>\n<p><strong>Protecci\u00f3n de datos<\/strong><\/p>\n<p><strong>1<\/strong> Los datos que se recojan en este sitio web pasar\u00e1n a formar parte de los ficheros propiedad del titular.<\/p>\n<p><strong>2<\/strong> El usuario es el \u00fanico responsable de la procedencia, titularidad, totalidad, contenido, veracidad y exactitud de los datos as\u00ed como de la informaci\u00f3n facilitada por el mismo para las finalidades previstas en este sitio web, las cu\u00e1les estar\u00e1n sujetas a una estricta pol\u00edtica de confidencialidad y privacidad. El titular no asumir\u00e1 responsabilidad alguna respecto a la informaci\u00f3n y contenidos facilitados por el usuario.<\/p>\n<p><strong>3<\/strong> El titular se compromete a que los datos sean utilizados para la exclusiva gesti\u00f3n y realizaci\u00f3n del tr\u00e1mite o inscripci\u00f3n demandados, de acuerdo con la legislaci\u00f3n vigente aplicable en cada momento.<\/p>\n<p><strong>4<\/strong> El titular se compromete a no facilitar los datos del usuario a ninguna otra persona f\u00edsica o jur\u00eddica sin su consentimiento expl\u00edcito, ni tampoco a hacer un uso inadecuado de los mismos.<\/p>\n<p><strong>5<\/strong> El titular se compromete a aplicar a sus instalaciones, sistemas y ficheros las medidas que sean necesarias para garantizar la seguridad de los datos de car\u00e1cter personal, comunicaciones y\/o transacciones producidas a consecuencia de la navegaci\u00f3n o del propio registro en ese sitio web.<\/p>\n<p><strong>6<\/strong> El titular se compromete al secreto profesional respecto a los datos incluidos en los ficheros, obligaci\u00f3n que subsistir\u00e1 hasta despu\u00e9s de finalizar la relaci\u00f3n con el usuario. Este deber de secreto afecta a todo el personal que pueda acceder y gestionar los datos que ha facilitado el usuario registrado.<\/p>\n<p><strong>7<\/strong> El titular informa de que en ning\u00fan caso se utilizar\u00e1n cookies para la adquisici\u00f3n de datos personales identificativos, reserv\u00e1ndose su uso \u00fanicamente para facilitar el acceso a la p\u00e1gina web.<\/p>\n<p><strong>8<\/strong> El hecho de implementar cualquiera de los formularios habilitados en este sitio web implica la aceptaci\u00f3n por parte del usuario de todas las cl\u00e1usulas que se indican. \u00c9ste podr\u00e1 ejercer, en cualquier momento, los derechos de acceso, rectificaci\u00f3n, cancelaci\u00f3n y oposici\u00f3n presentando una solicitud en las instalaciones del titular.<\/p>\n<p><strong>Condiciones de uso<\/strong><\/p>\n<p><strong>1<\/strong> El titular no se responsabiliza de la calidad de la navegaci\u00f3n ni de la velocidad de acceso. Todo usuario que acceda a este sitio web se compromete a hacerlo conforme a la ley, la moral y el orden p\u00fablico, en cuanto al acceso y la navegaci\u00f3n.<\/p>\n<p><strong>2<\/strong> Se proh\u00edbe la introducci\u00f3n de virus que puedan perjudicar a este sitio web en s\u00ed o a terceros. La navegaci\u00f3n realizada por el usuario estar\u00e1 bajo su responsabilidad. Del mismo modo, se proh\u00edbe el env\u00edo y\/o la transmisi\u00f3n de cualquier tipo de material violento, amenazador, difamatorio, obsceno, abusivo, ilegal, racial, xen\u00f3fobo, pornogr\u00e1fico o en cualquier modo ofensivo que constituya o fomente conductas que puedan ser contrarias a las leyes vigentes.<\/p>\n<p><strong>3<\/strong> El titular ha tomado todas las precauciones para evitar la propagaci\u00f3n de virus inform\u00e1ticos. A\u00fan as\u00ed se recomienda que el receptor de todo mensaje inform\u00e1tico realice sus propios controles. El titular no aceptar\u00e1 ninguna responsabilidad por da\u00f1os\u00a0que se puedan sufrir por estos factores.<\/p>\n<p><strong>4<\/strong> La responsabilidad del uso de la informaci\u00f3n contenida en este sitio web es del usuario. El titular no ser\u00e1 responsable de los da\u00f1os y perjuicios producidos o que puedan producirse, cualquiera que sea su naturaleza, que se deriven del uso de la informaci\u00f3n, de las materias contenidas en este sitio web y de los programas que incorpora. Los enlaces (links) e hipertexto que posibiliten, a trav\u00e9s de este sitio web, acceder al usuario a prestaciones y servicios ofrecidos por terceros, no pertenecen ni se encuentran bajo el control del titular.<\/p>\n<p><strong>5<\/strong> El titular se compromete a no remitir comunicaciones publicitarias o promocionales por correo electr\u00f3nico u otro medio de comunicaci\u00f3n electr\u00f3nica equivalente sin identificarlas como comunicaci\u00f3n comercial y sin que previamente no hubieran sido solicitadas o expresamente autorizadas por los destinatarios de las mismas. A estos efectos no ser\u00e1 considerada como comunicaci\u00f3n comercial toda la informaci\u00f3n que se env\u00ede a los clientes del titular siempre que tenga por finalidad el mantenimiento de la relaci\u00f3n contractual existente, as\u00ed como el desempe\u00f1o de las tareas de informaci\u00f3n, formaci\u00f3n y otras actividades propias del servicio que el cliente tiene contratado con la empresa.<\/p>\n<p><strong>6<\/strong> El titular podr\u00e1 modificar, sin previo aviso, la informaci\u00f3n contenida en este sitio web, as\u00ed como su configuraci\u00f3n y presentaci\u00f3n.<\/p>\n<p><strong>Propiedad intelectual<\/strong><\/p>\n<p><strong>1<\/strong> El titular no permite, ni total ni parcialmente, la reproducci\u00f3n, publicaci\u00f3n, divulgaci\u00f3n, tratamiento inform\u00e1tico, distribuci\u00f3n, difusi\u00f3n, modificaci\u00f3n, uso comercial, transformaci\u00f3n o descompilaci\u00f3n en cualquier soporte o formato de ninguno de los elementos de este sitio web sin su permiso previo y por escrito. El usuario, \u00fanica y exclusivamente, puede utilizar el material que aparezca en este sitio web para su uso personal y privado, quedando prohibido su uso con cualquier otro fin.<\/p>\n<p><strong>2<\/strong> Los nombres comerciales, marcas, logotipos o signos distintivos de cualquier naturaleza que aparezcan en este sitio web est\u00e1n protegidos por los derechos de propiedad intelectual e industrial de sus titulares.<\/p>\n<\/div><\/section><br \/>\n\n<style type=\"text\/css\" data-created_by=\"avia_inline_auto\" id=\"style-css-av-av_hr-c534e365fd60eb6e31190076e263ff8d\">\n#top .hr.hr-invisible.av-av_hr-c534e365fd60eb6e31190076e263ff8d{\nheight:30px;\n}\n<\/style>\n<div  class='hr av-av_hr-c534e365fd60eb6e31190076e263ff8d hr-invisible  avia-builder-el-5  el_after_av_textblock  avia-builder-el-last '><span class='hr-inner '><span class=\"hr-inner-style\"><\/span><\/span><\/div><\/p><\/div>\n","protected":false},"excerpt":{"rendered":"","protected":false},"author":1,"featured_media":0,"parent":0,"menu_order":0,"comment_status":"closed","ping_status":"closed","template":"","meta":{"footnotes":""},"class_list":["post-1041","page","type-page","status-publish","hentry"],"yoast_head":"<!-- This site is optimized with the Yoast SEO plugin v27.4 - https:\/\/yoast.com\/product\/yoast-seo-wordpress\/ -->\n<title>Notas Legales - LES GUIXERES<\/title>\n<meta name=\"robots\" content=\"index, follow, max-snippet:-1, max-image-preview:large, max-video-preview:-1\" \/>\n<link rel=\"canonical\" href=\"https:\/\/www.lesguixeres.com\/es\/notas-legales\/\" \/>\n<meta property=\"og:locale\" content=\"es_ES\" \/>\n<meta property=\"og:type\" content=\"article\" \/>\n<meta property=\"og:title\" content=\"Notas Legales - LES GUIXERES\" \/>\n<meta property=\"og:url\" content=\"https:\/\/www.lesguixeres.com\/es\/notas-legales\/\" \/>\n<meta property=\"og:site_name\" content=\"LES GUIXERES\" \/>\n<meta property=\"article:modified_time\" content=\"2016-07-14T10:38:16+00:00\" \/>\n<meta name=\"twitter:card\" content=\"summary_large_image\" \/>\n<meta name=\"twitter:label1\" content=\"Tiempo de lectura\" \/>\n\t<meta name=\"twitter:data1\" content=\"6 minutos\" \/>\n<script type=\"application\/ld+json\" class=\"yoast-schema-graph\">{\"@context\":\"https:\\\/\\\/schema.org\",\"@graph\":[{\"@type\":\"WebPage\",\"@id\":\"https:\\\/\\\/www.lesguixeres.com\\\/es\\\/notas-legales\\\/\",\"url\":\"https:\\\/\\\/www.lesguixeres.com\\\/es\\\/notas-legales\\\/\",\"name\":\"Notas Legales - LES GUIXERES\",\"isPartOf\":{\"@id\":\"https:\\\/\\\/www.lesguixeres.com\\\/#website\"},\"datePublished\":\"2016-07-14T09:37:42+00:00\",\"dateModified\":\"2016-07-14T10:38:16+00:00\",\"breadcrumb\":{\"@id\":\"https:\\\/\\\/www.lesguixeres.com\\\/es\\\/notas-legales\\\/#breadcrumb\"},\"inLanguage\":\"es\",\"potentialAction\":[{\"@type\":\"ReadAction\",\"target\":[\"https:\\\/\\\/www.lesguixeres.com\\\/es\\\/notas-legales\\\/\"]}]},{\"@type\":\"BreadcrumbList\",\"@id\":\"https:\\\/\\\/www.lesguixeres.com\\\/es\\\/notas-legales\\\/#breadcrumb\",\"itemListElement\":[{\"@type\":\"ListItem\",\"position\":1,\"name\":\"Portada\",\"item\":\"https:\\\/\\\/www.lesguixeres.com\\\/es\\\/\"},{\"@type\":\"ListItem\",\"position\":2,\"name\":\"Notas Legales\"}]},{\"@type\":\"WebSite\",\"@id\":\"https:\\\/\\\/www.lesguixeres.com\\\/#website\",\"url\":\"https:\\\/\\\/www.lesguixeres.com\\\/\",\"name\":\"LES GUIXERES\",\"description\":\"Asociaci\u00f3n Empresarial\",\"potentialAction\":[{\"@type\":\"SearchAction\",\"target\":{\"@type\":\"EntryPoint\",\"urlTemplate\":\"https:\\\/\\\/www.lesguixeres.com\\\/?s={search_term_string}\"},\"query-input\":{\"@type\":\"PropertyValueSpecification\",\"valueRequired\":true,\"valueName\":\"search_term_string\"}}],\"inLanguage\":\"es\"}]}<\/script>\n<!-- \/ Yoast SEO plugin. -->","yoast_head_json":{"title":"Notas Legales - LES GUIXERES","robots":{"index":"index","follow":"follow","max-snippet":"max-snippet:-1","max-image-preview":"max-image-preview:large","max-video-preview":"max-video-preview:-1"},"canonical":"https:\/\/www.lesguixeres.com\/es\/notas-legales\/","og_locale":"es_ES","og_type":"article","og_title":"Notas Legales - LES GUIXERES","og_url":"https:\/\/www.lesguixeres.com\/es\/notas-legales\/","og_site_name":"LES GUIXERES","article_modified_time":"2016-07-14T10:38:16+00:00","twitter_card":"summary_large_image","twitter_misc":{"Tiempo de lectura":"6 minutos"},"schema":{"@context":"https:\/\/schema.org","@graph":[{"@type":"WebPage","@id":"https:\/\/www.lesguixeres.com\/es\/notas-legales\/","url":"https:\/\/www.lesguixeres.com\/es\/notas-legales\/","name":"Notas Legales - LES GUIXERES","isPartOf":{"@id":"https:\/\/www.lesguixeres.com\/#website"},"datePublished":"2016-07-14T09:37:42+00:00","dateModified":"2016-07-14T10:38:16+00:00","breadcrumb":{"@id":"https:\/\/www.lesguixeres.com\/es\/notas-legales\/#breadcrumb"},"inLanguage":"es","potentialAction":[{"@type":"ReadAction","target":["https:\/\/www.lesguixeres.com\/es\/notas-legales\/"]}]},{"@type":"BreadcrumbList","@id":"https:\/\/www.lesguixeres.com\/es\/notas-legales\/#breadcrumb","itemListElement":[{"@type":"ListItem","position":1,"name":"Portada","item":"https:\/\/www.lesguixeres.com\/es\/"},{"@type":"ListItem","position":2,"name":"Notas Legales"}]},{"@type":"WebSite","@id":"https:\/\/www.lesguixeres.com\/#website","url":"https:\/\/www.lesguixeres.com\/","name":"LES GUIXERES","description":"Asociaci\u00f3n Empresarial","potentialAction":[{"@type":"SearchAction","target":{"@type":"EntryPoint","urlTemplate":"https:\/\/www.lesguixeres.com\/?s={search_term_string}"},"query-input":{"@type":"PropertyValueSpecification","valueRequired":true,"valueName":"search_term_string"}}],"inLanguage":"es"}]}},"_links":{"self":[{"href":"https:\/\/www.lesguixeres.com\/es\/wp-json\/wp\/v2\/pages\/1041","targetHints":{"allow":["GET"]}}],"collection":[{"href":"https:\/\/www.lesguixeres.com\/es\/wp-json\/wp\/v2\/pages"}],"about":[{"href":"https:\/\/www.lesguixeres.com\/es\/wp-json\/wp\/v2\/types\/page"}],"author":[{"embeddable":true,"href":"https:\/\/www.lesguixeres.com\/es\/wp-json\/wp\/v2\/users\/1"}],"replies":[{"embeddable":true,"href":"https:\/\/www.lesguixeres.com\/es\/wp-json\/wp\/v2\/comments?post=1041"}],"version-history":[{"count":4,"href":"https:\/\/www.lesguixeres.com\/es\/wp-json\/wp\/v2\/pages\/1041\/revisions"}],"predecessor-version":[{"id":1050,"href":"https:\/\/www.lesguixeres.com\/es\/wp-json\/wp\/v2\/pages\/1041\/revisions\/1050"}],"wp:attachment":[{"href":"https:\/\/www.lesguixeres.com\/es\/wp-json\/wp\/v2\/media?parent=1041"}],"curies":[{"name":"wp","href":"https:\/\/api.w.org\/{rel}","templated":true}]}}