{"id":975,"date":"2016-07-11T10:51:35","date_gmt":"2016-07-11T08:51:35","guid":{"rendered":"http:\/\/guixeres.basicestudioonline.com\/es\/?page_id=975"},"modified":"2020-09-08T16:57:20","modified_gmt":"2020-09-08T14:57:20","slug":"asociacion-empresarial-les-guixeres","status":"publish","type":"page","link":"https:\/\/www.lesguixeres.com\/es\/","title":{"rendered":"Inicio"},"content":{"rendered":"\n<style type=\"text\/css\" data-created_by=\"avia_inline_auto\" id=\"style-css-av-av_section-a312f98405e610d6898e4b0709e6db92\">\n.avia-section.av-av_section-a312f98405e610d6898e4b0709e6db92{\nbackground-color:#3a6f8f;\nbackground-image:url(https:\/\/www.lesguixeres.com\/wp-content\/uploads\/2014\/08\/home-header_2.png);\nbackground-repeat:no-repeat;\nbackground-position:100% 100%;\nbackground-attachment:scroll;\n}\n.avia-section.av-av_section-a312f98405e610d6898e4b0709e6db92 .av-extra-border-element .av-extra-border-inner{\nbackground-color:#3a6f8f;\n}\n<\/style>\n<div id='av_section_1'  class='avia-section av-av_section-a312f98405e610d6898e4b0709e6db92 main_color avia-section-default avia-no-border-styling  avia-builder-el-0  el_before_av_section  avia-builder-el-first  avia-bg-style-scroll av-arrow-down-section av-minimum-height av-minimum-height-custom av-height-custom  container_wrap fullsize'  data-section-bg-repeat='no-repeat' data-av_minimum_height_px='430'><div class='container av-section-cont-open' style='height:430px'><main  role=\"main\" itemprop=\"mainContentOfPage\"  class='template-page content  av-content-full alpha units'><div class='post-entry post-entry-type-page post-entry-975'><div class='entry-content-wrapper clearfix'>\n\n<style type=\"text\/css\" data-created_by=\"avia_inline_auto\" id=\"style-css-av-keu2upty-8e6c0e487c53287c951ad7fdfd57b66d\">\n#top .av-special-heading.av-keu2upty-8e6c0e487c53287c951ad7fdfd57b66d{\npadding-bottom:40px;\ncolor:#ffffff;\n}\nbody .av-special-heading.av-keu2upty-8e6c0e487c53287c951ad7fdfd57b66d .av-special-heading-tag .heading-char{\nfont-size:25px;\n}\n.av-special-heading.av-keu2upty-8e6c0e487c53287c951ad7fdfd57b66d .special-heading-inner-border{\nborder-color:#ffffff;\n}\n.av-special-heading.av-keu2upty-8e6c0e487c53287c951ad7fdfd57b66d .av-subheading{\nfont-size:20px;\n}\n<\/style>\n<div  class='av-special-heading av-keu2upty-8e6c0e487c53287c951ad7fdfd57b66d av-special-heading-h1 custom-color-heading blockquote modern-quote  avia-builder-el-1  avia-builder-el-no-sibling '><div class='av_custom_color av-subheading av-subheading_above'><p>Les Guixeres Asociaci\u00f3n Empresarial<\/p>\n<\/div><h1 class='av-special-heading-tag '  itemprop=\"headline\"  >La uni\u00f3n hace la fuerza<\/h1><div class=\"special-heading-border\"><div class=\"special-heading-inner-border\"><\/div><\/div><\/div>\n<\/div><\/div><\/main><!-- close content main element --><\/div><div class='av-extra-border-element border-extra-arrow-down'><div class='av-extra-border-outer'><div class='av-extra-border-inner'><\/div><\/div><\/div><\/div>\n<style type=\"text\/css\" data-created_by=\"avia_inline_auto\" id=\"style-css-av-av_section-bab57b42742151521759e8aac5119215\">\n.avia-section.av-av_section-bab57b42742151521759e8aac5119215 .av-extra-border-element .av-extra-border-inner{\nbackground-color:#ffffff;\n}\n<\/style>\n<div id='av_section_2'  class='avia-section av-av_section-bab57b42742151521759e8aac5119215 main_color avia-section-large avia-no-border-styling  avia-builder-el-2  el_after_av_section  el_before_av_section  avia-bg-style-scroll av-arrow-down-section container_wrap fullsize'  ><div class='container av-section-cont-open' ><div class='template-page content  av-content-full alpha units'><div class='post-entry post-entry-type-page post-entry-975'><div class='entry-content-wrapper clearfix'>\n<div  class='flex_column av-av_one_fifth-2a9015ff38129c418a3f2eafba3e9512 av_one_fifth  avia-builder-el-3  el_before_av_three_fifth  avia-builder-el-first  first flex_column_div  '     ><\/div>\n<style type=\"text\/css\" data-created_by=\"avia_inline_auto\" id=\"style-css-av-av_three_fifth-9c1d454dc06f7247226bc4e8f931daae\">\n.flex_column.av-av_three_fifth-9c1d454dc06f7247226bc4e8f931daae{\nborder-radius:0px 0px 0px 0px;\npadding:0px 0px 0px 0px;\n}\n<\/style>\n<div  class='flex_column av-av_three_fifth-9c1d454dc06f7247226bc4e8f931daae av_three_fifth  avia-builder-el-4  el_after_av_one_fifth  el_before_av_one_fifth  flex_column_div av-zero-column-padding  '     ><p>\n<style type=\"text\/css\" data-created_by=\"avia_inline_auto\" id=\"style-css-av-av_heading-3ca3f26da3f6543ffad0a93f7c7f5027\">\n#top .av-special-heading.av-av_heading-3ca3f26da3f6543ffad0a93f7c7f5027{\npadding-bottom:10px;\ncolor:#00adef;\n}\nbody .av-special-heading.av-av_heading-3ca3f26da3f6543ffad0a93f7c7f5027 .av-special-heading-tag .heading-char{\nfont-size:25px;\n}\n.av-special-heading.av-av_heading-3ca3f26da3f6543ffad0a93f7c7f5027 .special-heading-inner-border{\nborder-color:#00adef;\n}\n.av-special-heading.av-av_heading-3ca3f26da3f6543ffad0a93f7c7f5027 .av-subheading{\nfont-size:15px;\n}\n<\/style>\n<div  class='av-special-heading av-av_heading-3ca3f26da3f6543ffad0a93f7c7f5027 av-special-heading-h2 custom-color-heading blockquote modern-quote modern-centered  avia-builder-el-5  el_before_av_textblock  avia-builder-el-first '><h2 class='av-special-heading-tag '  itemprop=\"headline\"  >Sumamos Esfuerzos<\/h2><div class=\"special-heading-border\"><div class=\"special-heading-inner-border\"><\/div><\/div><\/div><br \/>\n\n<style type=\"text\/css\" data-created_by=\"avia_inline_auto\" id=\"style-css-av-keu2v7nu-d799f4c79d162bd3ce6b596e73683226\">\n#top .av_textblock_section.av-keu2v7nu-d799f4c79d162bd3ce6b596e73683226 .avia_textblock{\nfont-size:16px;\n}\n<\/style>\n<section  class='av_textblock_section av-keu2v7nu-d799f4c79d162bd3ce6b596e73683226 '   itemscope=\"itemscope\" itemtype=\"https:\/\/schema.org\/CreativeWork\" ><div class='avia_textblock'  itemprop=\"text\" ><p style=\"text-align: center;\">La Asociaci\u00f3n Empresarial Les Guixeres nace sumando los esfuerzos de una buena parte del tejido empresarial badalon\u00e9s y con el objetivo de <strong>beneficiar a todos sus asociados<\/strong> mediante dos acciones principales:<\/p>\n<\/div><\/section><\/p><\/div>\n<style type=\"text\/css\" data-created_by=\"avia_inline_auto\" id=\"style-css-av-av_one_fifth-9c1d454dc06f7247226bc4e8f931daae\">\n.flex_column.av-av_one_fifth-9c1d454dc06f7247226bc4e8f931daae{\nborder-radius:0px 0px 0px 0px;\npadding:0px 0px 0px 0px;\n}\n<\/style>\n<div  class='flex_column av-av_one_fifth-9c1d454dc06f7247226bc4e8f931daae av_one_fifth  avia-builder-el-7  el_after_av_three_fifth  el_before_av_hr  flex_column_div av-zero-column-padding  '     ><\/div>\n<style type=\"text\/css\" data-created_by=\"avia_inline_auto\" id=\"style-css-av-av_hr-700f541d972245794a15cf7af70b2112\">\n#top .hr.hr-invisible.av-av_hr-700f541d972245794a15cf7af70b2112{\nheight:15px;\n}\n<\/style>\n<div  class='hr av-av_hr-700f541d972245794a15cf7af70b2112 hr-invisible  avia-builder-el-8  el_after_av_one_fifth  el_before_av_one_fourth '><span class='hr-inner '><span class=\"hr-inner-style\"><\/span><\/span><\/div>\n\n<style type=\"text\/css\" data-created_by=\"avia_inline_auto\" id=\"style-css-av-av_one_fourth-9497bbf8bff73ea4c6992cc17fa9ec36\">\n.flex_column.av-av_one_fourth-9497bbf8bff73ea4c6992cc17fa9ec36{\nborder-radius:0px 0px 0px 0px;\npadding:0px 0px 0px 0px;\n}\n<\/style>\n<div  class='flex_column av-av_one_fourth-9497bbf8bff73ea4c6992cc17fa9ec36 av_one_fourth  avia-builder-el-9  el_after_av_hr  el_before_av_one_fourth  first flex_column_div av-zero-column-padding  '     ><\/div>\n<style type=\"text\/css\" data-created_by=\"avia_inline_auto\" id=\"style-css-av-av_one_fourth-9c1d454dc06f7247226bc4e8f931daae\">\n.flex_column.av-av_one_fourth-9c1d454dc06f7247226bc4e8f931daae{\nborder-radius:0px 0px 0px 0px;\npadding:0px 0px 0px 0px;\n}\n<\/style>\n<div  class='flex_column av-av_one_fourth-9c1d454dc06f7247226bc4e8f931daae av_one_fourth  avia-builder-el-10  el_after_av_one_fourth  el_before_av_one_fourth  flex_column_div av-zero-column-padding  '     ><style type=\"text\/css\" data-created_by=\"avia_inline_auto\" id=\"style-css-av-av_icon_box-51be502f1a6935487ba0b2cabeed1778\">\n.iconbox.av-av_icon_box-51be502f1a6935487ba0b2cabeed1778 .iconbox_icon{\nborder:1px solid #00aeef;\ncolor:#00aeef;\n}\n.iconbox.av-av_icon_box-51be502f1a6935487ba0b2cabeed1778 .iconbox_icon.avia-svg-icon svg:first-child{\nfill:#00aeef;\nstroke:#00aeef;\n}\n<\/style>\n<article  class='iconbox iconbox_top av-av_icon_box-51be502f1a6935487ba0b2cabeed1778 av-no-box  avia-builder-el-11  avia-builder-el-no-sibling '  itemscope=\"itemscope\" itemtype=\"https:\/\/schema.org\/CreativeWork\" ><div class=\"iconbox_content\"><header class=\"entry-content-header\" aria-label=\"Icon: Coordinar\"><div class='iconbox_icon heading-color avia-iconfont avia-font-entypo-fontello' data-av_icon='\ue857' data-av_iconfont='entypo-fontello'  ><\/div><h3 class='iconbox_content_title '  itemprop=\"headline\" >Coordinar<\/h3><\/header><div class='iconbox_content_container '  itemprop=\"text\" ><p>Coordinar sus actividades empresariales para <strong>mejorar su competitividad<\/strong>.<\/p>\n<\/div><\/div><footer class=\"entry-footer\"><\/footer><\/article><\/div>\n<style type=\"text\/css\" data-created_by=\"avia_inline_auto\" id=\"style-css-av-av_one_fourth-9c1d454dc06f7247226bc4e8f931daae\">\n.flex_column.av-av_one_fourth-9c1d454dc06f7247226bc4e8f931daae{\nborder-radius:0px 0px 0px 0px;\npadding:0px 0px 0px 0px;\n}\n<\/style>\n<div  class='flex_column av-av_one_fourth-9c1d454dc06f7247226bc4e8f931daae av_one_fourth  avia-builder-el-12  el_after_av_one_fourth  el_before_av_one_fourth  flex_column_div av-zero-column-padding  '     ><style type=\"text\/css\" data-created_by=\"avia_inline_auto\" id=\"style-css-av-av_icon_box-34ac6531d06ccab232374e88807e6fc4\">\n.iconbox.av-av_icon_box-34ac6531d06ccab232374e88807e6fc4 .iconbox_icon{\nborder:1px solid #00aeef;\ncolor:#00aeef;\n}\n.iconbox.av-av_icon_box-34ac6531d06ccab232374e88807e6fc4 .iconbox_icon.avia-svg-icon svg:first-child{\nfill:#00aeef;\nstroke:#00aeef;\n}\n<\/style>\n<article  class='iconbox iconbox_top av-av_icon_box-34ac6531d06ccab232374e88807e6fc4 av-no-box  avia-builder-el-13  avia-builder-el-no-sibling '  itemscope=\"itemscope\" itemtype=\"https:\/\/schema.org\/CreativeWork\" ><div class=\"iconbox_content\"><header class=\"entry-content-header\" aria-label=\"Icon: Comunicar\"><div class='iconbox_icon heading-color avia-iconfont avia-font-entypo-fontello' data-av_icon='\ue85e' data-av_iconfont='entypo-fontello'  ><\/div><h3 class='iconbox_content_title '  itemprop=\"headline\" >Comunicar<\/h3><\/header><div class='iconbox_content_container '  itemprop=\"text\" ><p><strong>Dar a conocer con m\u00e1s facilidad todas las empresas<\/strong> que conforman la asociaci\u00f3n.<\/p>\n<\/div><\/div><footer class=\"entry-footer\"><\/footer><\/article><\/div>\n<style type=\"text\/css\" data-created_by=\"avia_inline_auto\" id=\"style-css-av-av_one_fourth-9c1d454dc06f7247226bc4e8f931daae\">\n.flex_column.av-av_one_fourth-9c1d454dc06f7247226bc4e8f931daae{\nborder-radius:0px 0px 0px 0px;\npadding:0px 0px 0px 0px;\n}\n<\/style>\n<div  class='flex_column av-av_one_fourth-9c1d454dc06f7247226bc4e8f931daae av_one_fourth  avia-builder-el-14  el_after_av_one_fourth  avia-builder-el-last  flex_column_div av-zero-column-padding  '     ><\/div><\/div><\/div><\/div><!-- close content main div --><\/div><div class='av-extra-border-element border-extra-arrow-down'><div class='av-extra-border-outer'><div class='av-extra-border-inner'><\/div><\/div><\/div><\/div>\n<style type=\"text\/css\" data-created_by=\"avia_inline_auto\" id=\"style-css-av-av_section-16fdc975b0e168629661c869787cb1bd\">\n.avia-section.av-av_section-16fdc975b0e168629661c869787cb1bd .av-parallax .av-parallax-inner{\nbackground-color:#e8e8e8;\nbackground-image:url(https:\/\/www.lesguixeres.com\/wp-content\/uploads\/2014\/08\/home-fons.jpg);\nbackground-repeat:no-repeat;\nbackground-position:100% 0%;\nbackground-attachment:scroll;\n}\n.avia-section.av-av_section-16fdc975b0e168629661c869787cb1bd .av-extra-border-element .av-extra-border-inner{\nbackground-color:#e8e8e8;\n}\n<\/style>\n<div id='av_section_3'  class='avia-section av-av_section-16fdc975b0e168629661c869787cb1bd main_color avia-section-large avia-no-border-styling  avia-builder-el-15  el_after_av_section  el_before_av_section  av-parallax-section avia-bg-style-parallax av-arrow-down-section container_wrap fullsize'  data-section-bg-repeat='no-repeat'><div class='av-parallax' data-avia-parallax-ratio='0.3' ><div class='av-parallax-inner main_color avia-full-stretch'><\/div><\/div><div class='container av-section-cont-open' ><div class='template-page content  av-content-full alpha units'><div class='post-entry post-entry-type-page post-entry-975'><div class='entry-content-wrapper clearfix'>\n<div  class='flex_column av-av_one_fourth-2a9015ff38129c418a3f2eafba3e9512 av_one_fourth  avia-builder-el-16  el_before_av_one_half  avia-builder-el-first  first flex_column_div  '     ><\/div>\n<style type=\"text\/css\" data-created_by=\"avia_inline_auto\" id=\"style-css-av-av_one_half-9c1d454dc06f7247226bc4e8f931daae\">\n.flex_column.av-av_one_half-9c1d454dc06f7247226bc4e8f931daae{\nborder-radius:0px 0px 0px 0px;\npadding:0px 0px 0px 0px;\n}\n<\/style>\n<div  class='flex_column av-av_one_half-9c1d454dc06f7247226bc4e8f931daae av_one_half  avia-builder-el-17  el_after_av_one_fourth  el_before_av_one_fourth  flex_column_div av-zero-column-padding  '     ><p>\n<style type=\"text\/css\" data-created_by=\"avia_inline_auto\" id=\"style-css-av-av_heading-7f1bbd36fa9424308fdb08832065efa0\">\n#top .av-special-heading.av-av_heading-7f1bbd36fa9424308fdb08832065efa0{\npadding-bottom:10px;\ncolor:#666666;\n}\nbody .av-special-heading.av-av_heading-7f1bbd36fa9424308fdb08832065efa0 .av-special-heading-tag .heading-char{\nfont-size:25px;\n}\n.av-special-heading.av-av_heading-7f1bbd36fa9424308fdb08832065efa0 .special-heading-inner-border{\nborder-color:#666666;\n}\n.av-special-heading.av-av_heading-7f1bbd36fa9424308fdb08832065efa0 .av-subheading{\nfont-size:15px;\n}\n<\/style>\n<div  class='av-special-heading av-av_heading-7f1bbd36fa9424308fdb08832065efa0 av-special-heading-h2 custom-color-heading blockquote modern-quote modern-centered  avia-builder-el-18  el_before_av_notification  avia-builder-el-first '><h2 class='av-special-heading-tag '  itemprop=\"headline\"  >Objetivos de la Asociaci\u00f3n<\/h2><div class=\"special-heading-border\"><div class=\"special-heading-inner-border\"><\/div><\/div><\/div><br \/>\n\n<style type=\"text\/css\" data-created_by=\"avia_inline_auto\" id=\"style-css-av-av_notification-037879dc17b1226a57c032632d27402f\">\n.avia_message_box.av-av_notification-037879dc17b1226a57c032632d27402f{\nbackground-color:#ffffff;\ncolor:#000000;\n}\n.avia_message_box.av-av_notification-037879dc17b1226a57c032632d27402f .avia_message_box_icon.avia-svg-icon svg:first-child{\nfill:#000000;\nstroke:#000000;\n}\n<\/style>\n<div id='avia-messagebox-' class='avia_message_box av_notification av-av_notification-037879dc17b1226a57c032632d27402f avia-color-custom avia-size-normal avia-icon_select-yes avia-border-  avia-builder-el-19  el_after_av_heading  el_before_av_notification ' ><div class=\"avia_message_box_content\"><span class='avia_message_box_icon avia-iconfont avia-font-entypo-fontello' data-av_icon='\ue816' data-av_iconfont='entypo-fontello' ><\/span><p>Mejorar la competitividad<\/p>\n<\/div><\/div><br \/>\n\n<style type=\"text\/css\" data-created_by=\"avia_inline_auto\" id=\"style-css-av-av_notification-050948a42318e6c46fce1ecc26054179\">\n.avia_message_box.av-av_notification-050948a42318e6c46fce1ecc26054179{\nbackground-color:#ffffff;\ncolor:#000000;\n}\n.avia_message_box.av-av_notification-050948a42318e6c46fce1ecc26054179 .avia_message_box_icon.avia-svg-icon svg:first-child{\nfill:#000000;\nstroke:#000000;\n}\n<\/style>\n<div id='avia-messagebox-' class='avia_message_box av_notification av-av_notification-050948a42318e6c46fce1ecc26054179 avia-color-custom avia-size-normal avia-icon_select-yes avia-border-  avia-builder-el-20  el_after_av_notification  avia-builder-el-last ' ><div class=\"avia_message_box_content\"><span class='avia_message_box_icon avia-iconfont avia-font-entypo-fontello' data-av_icon='\ue853' data-av_iconfont='entypo-fontello' ><\/span><p>Facilitar la comunicaci\u00f3n con los clientes<\/p>\n<\/div><\/div><\/p><\/div>\n<style type=\"text\/css\" data-created_by=\"avia_inline_auto\" id=\"style-css-av-av_one_fourth-9c1d454dc06f7247226bc4e8f931daae\">\n.flex_column.av-av_one_fourth-9c1d454dc06f7247226bc4e8f931daae{\nborder-radius:0px 0px 0px 0px;\npadding:0px 0px 0px 0px;\n}\n<\/style>\n<div  class='flex_column av-av_one_fourth-9c1d454dc06f7247226bc4e8f931daae av_one_fourth  avia-builder-el-21  el_after_av_one_half  el_before_av_hr  flex_column_div av-zero-column-padding  '     ><\/div>\n<style type=\"text\/css\" data-created_by=\"avia_inline_auto\" id=\"style-css-av-av_hr-5ea7596238ed9f191e6b5e662093052f\">\n#top .hr.hr-invisible.av-av_hr-5ea7596238ed9f191e6b5e662093052f{\nheight:30px;\n}\n<\/style>\n<div  class='hr av-av_hr-5ea7596238ed9f191e6b5e662093052f hr-invisible  avia-builder-el-22  el_after_av_one_fourth  avia-builder-el-last '><span class='hr-inner '><span class=\"hr-inner-style\"><\/span><\/span><\/div>\n<\/p>\n<\/div><\/div><\/div><!-- close content main div --><\/div><div class='av-extra-border-element border-extra-arrow-down'><div class='av-extra-border-outer'><div class='av-extra-border-inner'><\/div><\/div><\/div><\/div>\n<style type=\"text\/css\" data-created_by=\"avia_inline_auto\" id=\"style-css-av-av_section-fb37fa88fbca848c7e29aff3fecdfcf1\">\n.avia-section.av-av_section-fb37fa88fbca848c7e29aff3fecdfcf1{\nbackground-color:#ffffff;\nbackground-image:unset;\n}\n<\/style>\n<div id='av_section_4'  class='avia-section av-av_section-fb37fa88fbca848c7e29aff3fecdfcf1 main_color avia-section-default avia-no-shadow  avia-builder-el-23  el_after_av_section  avia-builder-el-last  avia-bg-style-scroll container_wrap fullsize'  ><div class='container av-section-cont-open' ><div class='template-page content  av-content-full alpha units'><div class='post-entry post-entry-type-page post-entry-975'><div class='entry-content-wrapper clearfix'>\n<section  class='av_textblock_section av-av_textblock-0366cc7376be6c9e82a3e9cc8987b64f '   itemscope=\"itemscope\" itemtype=\"https:\/\/schema.org\/CreativeWork\" ><div class='avia_textblock'  itemprop=\"text\" ><p style=\"text-align: center;\"><img loading=\"lazy\" decoding=\"async\" class=\"alignnone size-medium wp-image-722\" src=\"http:\/\/guixeres.basicestudioonline.com\/wp-content\/uploads\/2014\/08\/logo-guixeras-300x99.png\" alt=\"logo-guixeras\" width=\"300\" height=\"99\" srcset=\"https:\/\/www.lesguixeres.com\/wp-content\/uploads\/2014\/08\/logo-guixeras-300x99.png 300w, https:\/\/www.lesguixeres.com\/wp-content\/uploads\/2014\/08\/logo-guixeras.png 338w\" sizes=\"auto, (max-width: 300px) 100vw, 300px\" \/><\/p>\n<\/div><\/section>\n\n<style type=\"text\/css\" data-created_by=\"avia_inline_auto\" id=\"style-css-av-av_hr-ee2847e2e025ce3d30801259a03f9fd4\">\n#top .hr.hr-invisible.av-av_hr-ee2847e2e025ce3d30801259a03f9fd4{\nheight:10px;\n}\n<\/style>\n<div  class='hr av-av_hr-ee2847e2e025ce3d30801259a03f9fd4 hr-invisible  avia-builder-el-25  el_after_av_textblock  avia-builder-el-last '><span class='hr-inner '><span class=\"hr-inner-style\"><\/span><\/span><\/div>\n\n","protected":false},"excerpt":{"rendered":"","protected":false},"author":1,"featured_media":0,"parent":0,"menu_order":0,"comment_status":"open","ping_status":"open","template":"","meta":{"footnotes":""},"class_list":["post-975","page","type-page","status-publish","hentry"],"yoast_head":"<!-- This site is optimized with the Yoast SEO plugin v27.6 - https:\/\/yoast.com\/product\/yoast-seo-wordpress\/ -->\n<title>Asociaci\u00f3n Empresarial Les Guixeres | LES GUIXERES<\/title>\n<meta name=\"description\" content=\"Asociaci\u00f3n Empresarial Les Guixeres | LES GUIXERES Asociaci\u00f3n Empresarial\" \/>\n<meta name=\"robots\" content=\"index, follow, max-snippet:-1, max-image-preview:large, max-video-preview:-1\" \/>\n<link rel=\"canonical\" href=\"https:\/\/www.lesguixeres.com\/es\/\" \/>\n<meta property=\"og:locale\" content=\"es_ES\" \/>\n<meta property=\"og:type\" content=\"article\" \/>\n<meta property=\"og:title\" content=\"Asociaci\u00f3n Empresarial Les Guixeres | LES GUIXERES\" \/>\n<meta property=\"og:description\" content=\"Asociaci\u00f3n Empresarial Les Guixeres | LES GUIXERES Asociaci\u00f3n Empresarial\" \/>\n<meta property=\"og:url\" content=\"https:\/\/www.lesguixeres.com\/es\/\" \/>\n<meta property=\"og:site_name\" content=\"LES GUIXERES\" \/>\n<meta property=\"article:modified_time\" content=\"2020-09-08T14:57:20+00:00\" \/>\n<meta property=\"og:image\" content=\"http:\/\/guixeres.basicestudioonline.com\/wp-content\/uploads\/2014\/08\/logo-guixeras-300x99.png\" \/>\n<meta name=\"twitter:card\" content=\"summary_large_image\" \/>\n<meta name=\"twitter:label1\" content=\"Tiempo de lectura\" \/>\n\t<meta name=\"twitter:data1\" content=\"6 minutos\" \/>\n<script type=\"application\/ld+json\" class=\"yoast-schema-graph\">{\"@context\":\"https:\\\/\\\/schema.org\",\"@graph\":[{\"@type\":\"WebPage\",\"@id\":\"https:\\\/\\\/www.lesguixeres.com\\\/es\\\/\",\"url\":\"https:\\\/\\\/www.lesguixeres.com\\\/es\\\/\",\"name\":\"Asociaci\u00f3n Empresarial Les Guixeres | LES GUIXERES\",\"isPartOf\":{\"@id\":\"https:\\\/\\\/www.lesguixeres.com\\\/#website\"},\"primaryImageOfPage\":{\"@id\":\"https:\\\/\\\/www.lesguixeres.com\\\/es\\\/#primaryimage\"},\"image\":{\"@id\":\"https:\\\/\\\/www.lesguixeres.com\\\/es\\\/#primaryimage\"},\"thumbnailUrl\":\"http:\\\/\\\/guixeres.basicestudioonline.com\\\/wp-content\\\/uploads\\\/2014\\\/08\\\/logo-guixeras-300x99.png\",\"datePublished\":\"2016-07-11T08:51:35+00:00\",\"dateModified\":\"2020-09-08T14:57:20+00:00\",\"description\":\"Asociaci\u00f3n Empresarial Les Guixeres | LES GUIXERES Asociaci\u00f3n Empresarial\",\"breadcrumb\":{\"@id\":\"https:\\\/\\\/www.lesguixeres.com\\\/es\\\/#breadcrumb\"},\"inLanguage\":\"es\",\"potentialAction\":[{\"@type\":\"ReadAction\",\"target\":[\"https:\\\/\\\/www.lesguixeres.com\\\/es\\\/\"]}]},{\"@type\":\"ImageObject\",\"inLanguage\":\"es\",\"@id\":\"https:\\\/\\\/www.lesguixeres.com\\\/es\\\/#primaryimage\",\"url\":\"http:\\\/\\\/guixeres.basicestudioonline.com\\\/wp-content\\\/uploads\\\/2014\\\/08\\\/logo-guixeras-300x99.png\",\"contentUrl\":\"http:\\\/\\\/guixeres.basicestudioonline.com\\\/wp-content\\\/uploads\\\/2014\\\/08\\\/logo-guixeras-300x99.png\"},{\"@type\":\"BreadcrumbList\",\"@id\":\"https:\\\/\\\/www.lesguixeres.com\\\/es\\\/#breadcrumb\",\"itemListElement\":[{\"@type\":\"ListItem\",\"position\":1,\"name\":\"Portada\",\"item\":\"https:\\\/\\\/www.lesguixeres.com\\\/es\\\/\"},{\"@type\":\"ListItem\",\"position\":2,\"name\":\"Inicio\"}]},{\"@type\":\"WebSite\",\"@id\":\"https:\\\/\\\/www.lesguixeres.com\\\/#website\",\"url\":\"https:\\\/\\\/www.lesguixeres.com\\\/\",\"name\":\"LES GUIXERES\",\"description\":\"Asociaci\u00f3n Empresarial\",\"potentialAction\":[{\"@type\":\"SearchAction\",\"target\":{\"@type\":\"EntryPoint\",\"urlTemplate\":\"https:\\\/\\\/www.lesguixeres.com\\\/?s={search_term_string}\"},\"query-input\":{\"@type\":\"PropertyValueSpecification\",\"valueRequired\":true,\"valueName\":\"search_term_string\"}}],\"inLanguage\":\"es\"}]}<\/script>\n<!-- \/ Yoast SEO plugin. -->","yoast_head_json":{"title":"Asociaci\u00f3n Empresarial Les Guixeres | LES GUIXERES","description":"Asociaci\u00f3n Empresarial Les Guixeres | LES GUIXERES Asociaci\u00f3n Empresarial","robots":{"index":"index","follow":"follow","max-snippet":"max-snippet:-1","max-image-preview":"max-image-preview:large","max-video-preview":"max-video-preview:-1"},"canonical":"https:\/\/www.lesguixeres.com\/es\/","og_locale":"es_ES","og_type":"article","og_title":"Asociaci\u00f3n Empresarial Les Guixeres | LES GUIXERES","og_description":"Asociaci\u00f3n Empresarial Les Guixeres | LES GUIXERES Asociaci\u00f3n Empresarial","og_url":"https:\/\/www.lesguixeres.com\/es\/","og_site_name":"LES GUIXERES","article_modified_time":"2020-09-08T14:57:20+00:00","og_image":[{"url":"http:\/\/guixeres.basicestudioonline.com\/wp-content\/uploads\/2014\/08\/logo-guixeras-300x99.png","type":"","width":"","height":""}],"twitter_card":"summary_large_image","twitter_misc":{"Tiempo de lectura":"6 minutos"},"schema":{"@context":"https:\/\/schema.org","@graph":[{"@type":"WebPage","@id":"https:\/\/www.lesguixeres.com\/es\/","url":"https:\/\/www.lesguixeres.com\/es\/","name":"Asociaci\u00f3n Empresarial Les Guixeres | LES GUIXERES","isPartOf":{"@id":"https:\/\/www.lesguixeres.com\/#website"},"primaryImageOfPage":{"@id":"https:\/\/www.lesguixeres.com\/es\/#primaryimage"},"image":{"@id":"https:\/\/www.lesguixeres.com\/es\/#primaryimage"},"thumbnailUrl":"http:\/\/guixeres.basicestudioonline.com\/wp-content\/uploads\/2014\/08\/logo-guixeras-300x99.png","datePublished":"2016-07-11T08:51:35+00:00","dateModified":"2020-09-08T14:57:20+00:00","description":"Asociaci\u00f3n Empresarial Les Guixeres | LES GUIXERES Asociaci\u00f3n Empresarial","breadcrumb":{"@id":"https:\/\/www.lesguixeres.com\/es\/#breadcrumb"},"inLanguage":"es","potentialAction":[{"@type":"ReadAction","target":["https:\/\/www.lesguixeres.com\/es\/"]}]},{"@type":"ImageObject","inLanguage":"es","@id":"https:\/\/www.lesguixeres.com\/es\/#primaryimage","url":"http:\/\/guixeres.basicestudioonline.com\/wp-content\/uploads\/2014\/08\/logo-guixeras-300x99.png","contentUrl":"http:\/\/guixeres.basicestudioonline.com\/wp-content\/uploads\/2014\/08\/logo-guixeras-300x99.png"},{"@type":"BreadcrumbList","@id":"https:\/\/www.lesguixeres.com\/es\/#breadcrumb","itemListElement":[{"@type":"ListItem","position":1,"name":"Portada","item":"https:\/\/www.lesguixeres.com\/es\/"},{"@type":"ListItem","position":2,"name":"Inicio"}]},{"@type":"WebSite","@id":"https:\/\/www.lesguixeres.com\/#website","url":"https:\/\/www.lesguixeres.com\/","name":"LES GUIXERES","description":"Asociaci\u00f3n Empresarial","potentialAction":[{"@type":"SearchAction","target":{"@type":"EntryPoint","urlTemplate":"https:\/\/www.lesguixeres.com\/?s={search_term_string}"},"query-input":{"@type":"PropertyValueSpecification","valueRequired":true,"valueName":"search_term_string"}}],"inLanguage":"es"}]}},"_links":{"self":[{"href":"https:\/\/www.lesguixeres.com\/es\/wp-json\/wp\/v2\/pages\/975","targetHints":{"allow":["GET"]}}],"collection":[{"href":"https:\/\/www.lesguixeres.com\/es\/wp-json\/wp\/v2\/pages"}],"about":[{"href":"https:\/\/www.lesguixeres.com\/es\/wp-json\/wp\/v2\/types\/page"}],"author":[{"embeddable":true,"href":"https:\/\/www.lesguixeres.com\/es\/wp-json\/wp\/v2\/users\/1"}],"replies":[{"embeddable":true,"href":"https:\/\/www.lesguixeres.com\/es\/wp-json\/wp\/v2\/comments?post=975"}],"version-history":[{"count":7,"href":"https:\/\/www.lesguixeres.com\/es\/wp-json\/wp\/v2\/pages\/975\/revisions"}],"predecessor-version":[{"id":1813,"href":"https:\/\/www.lesguixeres.com\/es\/wp-json\/wp\/v2\/pages\/975\/revisions\/1813"}],"wp:attachment":[{"href":"https:\/\/www.lesguixeres.com\/es\/wp-json\/wp\/v2\/media?parent=975"}],"curies":[{"name":"wp","href":"https:\/\/api.w.org\/{rel}","templated":true}]}}