{"id":981,"date":"2016-07-11T12:31:33","date_gmt":"2016-07-11T10:31:33","guid":{"rendered":"http:\/\/guixeres.basicestudioonline.com\/es\/?page_id=981"},"modified":"2016-07-22T12:23:41","modified_gmt":"2016-07-22T10:23:41","slug":"asistencia-empresarial-badalona","status":"publish","type":"page","link":"https:\/\/www.lesguixeres.com\/es\/asistencia-empresarial-badalona\/","title":{"rendered":"Asistencia empresarial"},"content":{"rendered":"\n<style type=\"text\/css\" data-created_by=\"avia_inline_auto\" id=\"style-css-av-av_section-f190cb6bf968ece5f5945379aae0db35\">\n.avia-section.av-av_section-f190cb6bf968ece5f5945379aae0db35{\nbackground-color:#3a6f8f;\nbackground-image:url(https:\/\/www.lesguixeres.com\/wp-content\/uploads\/2014\/09\/home-header-2.png);\nbackground-repeat:no-repeat;\nbackground-position:100% 100%;\nbackground-attachment:scroll;\n}\n.avia-section.av-av_section-f190cb6bf968ece5f5945379aae0db35 .av-extra-border-element .av-extra-border-inner{\nbackground-color:#3a6f8f;\n}\n<\/style>\n<div id='av_section_1'  class='avia-section av-av_section-f190cb6bf968ece5f5945379aae0db35 main_color avia-section-default avia-no-border-styling  avia-builder-el-0  el_before_av_section  avia-builder-el-first  avia-bg-style-scroll av-arrow-down-section av-minimum-height av-minimum-height-custom av-height-custom  container_wrap fullsize'  data-section-bg-repeat='no-repeat' data-av_minimum_height_px='430'><div class='container av-section-cont-open' style='height:430px'><main  role=\"main\" itemprop=\"mainContentOfPage\"  class='template-page content  av-content-full alpha units'><div class='post-entry post-entry-type-page post-entry-981'><div class='entry-content-wrapper clearfix'>\n\n<style type=\"text\/css\" data-created_by=\"avia_inline_auto\" id=\"style-css-av-av_heading-a0708bc7abfb2b5f3e2597d4dd533112\">\n#top .av-special-heading.av-av_heading-a0708bc7abfb2b5f3e2597d4dd533112{\npadding-bottom:40px;\ncolor:#ffffff;\n}\nbody .av-special-heading.av-av_heading-a0708bc7abfb2b5f3e2597d4dd533112 .av-special-heading-tag .heading-char{\nfont-size:25px;\n}\n.av-special-heading.av-av_heading-a0708bc7abfb2b5f3e2597d4dd533112 .special-heading-inner-border{\nborder-color:#ffffff;\n}\n.av-special-heading.av-av_heading-a0708bc7abfb2b5f3e2597d4dd533112 .av-subheading{\nfont-size:20px;\n}\n<\/style>\n<div  class='av-special-heading av-av_heading-a0708bc7abfb2b5f3e2597d4dd533112 av-special-heading-h1 custom-color-heading blockquote modern-quote  avia-builder-el-1  avia-builder-el-no-sibling '><div class='av_custom_color av-subheading av-subheading_above'><p>Servicios<\/p>\n<\/div><h1 class='av-special-heading-tag '  itemprop=\"headline\"  >Asistencia Empresarial<\/h1><div class=\"special-heading-border\"><div class=\"special-heading-inner-border\"><\/div><\/div><\/div>\n\n<\/div><\/div><\/main><!-- close content main element --><\/div><div class='av-extra-border-element border-extra-arrow-down'><div class='av-extra-border-outer'><div class='av-extra-border-inner'><\/div><\/div><\/div><\/div>\n<style type=\"text\/css\" data-created_by=\"avia_inline_auto\" id=\"style-css-av-av_section-bab57b42742151521759e8aac5119215\">\n.avia-section.av-av_section-bab57b42742151521759e8aac5119215 .av-extra-border-element .av-extra-border-inner{\nbackground-color:#ffffff;\n}\n<\/style>\n<div id='av_section_2'  class='avia-section av-av_section-bab57b42742151521759e8aac5119215 main_color avia-section-large avia-no-border-styling  avia-builder-el-2  el_after_av_section  el_before_av_section  avia-bg-style-scroll av-arrow-down-section container_wrap fullsize'  ><div class='container av-section-cont-open' ><div class='template-page content  av-content-full alpha units'><div class='post-entry post-entry-type-page post-entry-981'><div class='entry-content-wrapper clearfix'>\n\n<style type=\"text\/css\" data-created_by=\"avia_inline_auto\" id=\"style-css-av-av_hr-700f541d972245794a15cf7af70b2112\">\n#top .hr.hr-invisible.av-av_hr-700f541d972245794a15cf7af70b2112{\nheight:15px;\n}\n<\/style>\n<div  class='hr av-av_hr-700f541d972245794a15cf7af70b2112 hr-invisible  avia-builder-el-3  el_before_av_one_third  avia-builder-el-first '><span class='hr-inner '><span class=\"hr-inner-style\"><\/span><\/span><\/div>\n<div  class='flex_column av-av_one_third-2a9015ff38129c418a3f2eafba3e9512 av_one_third  avia-builder-el-4  el_after_av_hr  el_before_av_two_third  first flex_column_div  '     ><style type=\"text\/css\" data-created_by=\"avia_inline_auto\" id=\"style-css-av-av_image-ed42c04b4199df7c249c958fec15abb2\">\n.avia-image-container.av-av_image-ed42c04b4199df7c249c958fec15abb2 img.avia_image{\nbox-shadow:none;\n}\n.avia-image-container.av-av_image-ed42c04b4199df7c249c958fec15abb2 .av-image-caption-overlay-center{\ncolor:#ffffff;\n}\n<\/style>\n<div  class='avia-image-container av-av_image-ed42c04b4199df7c249c958fec15abb2 av-styling- av-hover-grow avia-align-right  avia-builder-el-5  avia-builder-el-no-sibling '   itemprop=\"image\" itemscope=\"itemscope\" itemtype=\"https:\/\/schema.org\/ImageObject\" ><div class=\"avia-image-container-inner\"><div class=\"avia-image-overlay-wrap\"><img decoding=\"async\" fetchpriority=\"high\" class='wp-image-1614 avia-img-lazy-loading-not-1614 avia_image ' src=\"https:\/\/www.lesguixeres.com\/wp-content\/uploads\/2016\/02\/asistenciaempresarial-1.jpg\" alt='' title=''  height=\"1000\" width=\"1000\"  itemprop=\"thumbnailUrl\" srcset=\"https:\/\/www.lesguixeres.com\/wp-content\/uploads\/2016\/02\/asistenciaempresarial-1.jpg 1000w, https:\/\/www.lesguixeres.com\/wp-content\/uploads\/2016\/02\/asistenciaempresarial-1-80x80.jpg 80w, https:\/\/www.lesguixeres.com\/wp-content\/uploads\/2016\/02\/asistenciaempresarial-1-300x300.jpg 300w, https:\/\/www.lesguixeres.com\/wp-content\/uploads\/2016\/02\/asistenciaempresarial-1-768x768.jpg 768w, https:\/\/www.lesguixeres.com\/wp-content\/uploads\/2016\/02\/asistenciaempresarial-1-36x36.jpg 36w, https:\/\/www.lesguixeres.com\/wp-content\/uploads\/2016\/02\/asistenciaempresarial-1-180x180.jpg 180w, https:\/\/www.lesguixeres.com\/wp-content\/uploads\/2016\/02\/asistenciaempresarial-1-705x705.jpg 705w, https:\/\/www.lesguixeres.com\/wp-content\/uploads\/2016\/02\/asistenciaempresarial-1-120x120.jpg 120w, https:\/\/www.lesguixeres.com\/wp-content\/uploads\/2016\/02\/asistenciaempresarial-1-450x450.jpg 450w\" sizes=\"(max-width: 1000px) 100vw, 1000px\" \/><\/div><\/div><\/div><\/div>\n<style type=\"text\/css\" data-created_by=\"avia_inline_auto\" id=\"style-css-av-av_two_third-9c1d454dc06f7247226bc4e8f931daae\">\n.flex_column.av-av_two_third-9c1d454dc06f7247226bc4e8f931daae{\nborder-radius:0px 0px 0px 0px;\npadding:0px 0px 0px 0px;\n}\n<\/style>\n<div  class='flex_column av-av_two_third-9c1d454dc06f7247226bc4e8f931daae av_two_third  avia-builder-el-6  el_after_av_one_third  el_before_av_hr  flex_column_div av-zero-column-padding  '     ><p>\n<style type=\"text\/css\" data-created_by=\"avia_inline_auto\" id=\"style-css-av-av_heading-ee16dfe70fbcbab8978c64370b9657f0\">\n#top .av-special-heading.av-av_heading-ee16dfe70fbcbab8978c64370b9657f0{\npadding-bottom:10px;\n}\nbody .av-special-heading.av-av_heading-ee16dfe70fbcbab8978c64370b9657f0 .av-special-heading-tag .heading-char{\nfont-size:25px;\n}\n.av-special-heading.av-av_heading-ee16dfe70fbcbab8978c64370b9657f0 .av-subheading{\nfont-size:15px;\n}\n<\/style>\n<div  class='av-special-heading av-av_heading-ee16dfe70fbcbab8978c64370b9657f0 av-special-heading-h2 blockquote modern-quote  avia-builder-el-7  el_before_av_textblock  avia-builder-el-first '><h2 class='av-special-heading-tag '  itemprop=\"headline\"  >Conf\u00ede en Nuestro Apoyo<\/h2><div class=\"special-heading-border\"><div class=\"special-heading-inner-border\"><\/div><\/div><\/div><br \/>\n\n<style type=\"text\/css\" data-created_by=\"avia_inline_auto\" id=\"style-css-av-av_textblock-fae8699d538200a543ba402659dba9b0\">\n#top .av_textblock_section.av-av_textblock-fae8699d538200a543ba402659dba9b0 .avia_textblock{\nfont-size:16px;\n}\n<\/style>\n<section  class='av_textblock_section av-av_textblock-fae8699d538200a543ba402659dba9b0 '   itemscope=\"itemscope\" itemtype=\"https:\/\/schema.org\/CreativeWork\" ><div class='avia_textblock'  itemprop=\"text\" ><p style=\"text-align: left;\">Podemos apoyarle:<\/p>\n<p style=\"text-align: left;\"><strong>\u00b7 Suscribiendo convenios<\/strong>\u00a0entre la Asociaci\u00f3n y sus proveedores. Gracias a nuestro poder de negociaci\u00f3n conjunto, podemos abaratar los servicios, adem\u00e1s de obtener otras muchas ventajas.<\/p>\n<p style=\"text-align: left;\"><strong>\u00b7 Gestionado posibles conflictos<\/strong>\u00a0con compa\u00f1\u00edas de suministros.<\/p>\n<p style=\"text-align: left;\"><strong>\u00b7\u00a0<strong>Representando y defendiendo a su empresa<\/strong><\/strong> ante las Administraciones P\u00fablicas.<\/p>\n<p style=\"text-align: left;\"><strong>\u00b7<\/strong> <strong>Velando por el mantenimiento<\/strong> y el buen funcionamiento de las zonas de uso com\u00fan.<\/p>\n<\/div><\/section><\/p><\/div>\n<style type=\"text\/css\" data-created_by=\"avia_inline_auto\" id=\"style-css-av-av_hr-700f541d972245794a15cf7af70b2112\">\n#top .hr.hr-invisible.av-av_hr-700f541d972245794a15cf7af70b2112{\nheight:15px;\n}\n<\/style>\n<div  class='hr av-av_hr-700f541d972245794a15cf7af70b2112 hr-invisible  avia-builder-el-9  el_after_av_two_third  el_before_av_hr '><span class='hr-inner '><span class=\"hr-inner-style\"><\/span><\/span><\/div>\n\n<style type=\"text\/css\" data-created_by=\"avia_inline_auto\" id=\"style-css-av-av_hr-700f541d972245794a15cf7af70b2112\">\n#top .hr.hr-invisible.av-av_hr-700f541d972245794a15cf7af70b2112{\nheight:15px;\n}\n<\/style>\n<div  class='hr av-av_hr-700f541d972245794a15cf7af70b2112 hr-invisible  avia-builder-el-10  el_after_av_hr  avia-builder-el-last '><span class='hr-inner '><span class=\"hr-inner-style\"><\/span><\/span><\/div>\n<\/div><\/div><\/div><!-- close content main div --><\/div><div class='av-extra-border-element border-extra-arrow-down'><div class='av-extra-border-outer'><div class='av-extra-border-inner'><\/div><\/div><\/div><\/div>\n<style type=\"text\/css\" data-created_by=\"avia_inline_auto\" id=\"style-css-av-av_section-92e314e7e81382012025ba03346d75e2\">\n.avia-section.av-av_section-92e314e7e81382012025ba03346d75e2{\nbackground-color:#efefef;\nbackground-image:unset;\n}\n<\/style>\n<div id='av_section_3'  class='avia-section av-av_section-92e314e7e81382012025ba03346d75e2 main_color avia-section-default avia-no-shadow  avia-builder-el-11  el_after_av_section  avia-builder-el-last  avia-bg-style-scroll container_wrap fullsize'  ><div class='container av-section-cont-open' ><div class='template-page content  av-content-full alpha units'><div class='post-entry post-entry-type-page post-entry-981'><div class='entry-content-wrapper clearfix'>\n<section  class='av_textblock_section av-av_textblock-0366cc7376be6c9e82a3e9cc8987b64f '   itemscope=\"itemscope\" itemtype=\"https:\/\/schema.org\/CreativeWork\" ><div class='avia_textblock'  itemprop=\"text\" ><p style=\"text-align: center;\"><img loading=\"lazy\" decoding=\"async\" class=\"alignnone size-medium wp-image-722\" src=\"http:\/\/guixeres.basicestudioonline.com\/wp-content\/uploads\/2014\/08\/logo-guixeras-300x99.png\" alt=\"logo-guixeras\" width=\"300\" height=\"99\" srcset=\"https:\/\/www.lesguixeres.com\/wp-content\/uploads\/2014\/08\/logo-guixeras-300x99.png 300w, https:\/\/www.lesguixeres.com\/wp-content\/uploads\/2014\/08\/logo-guixeras.png 338w\" sizes=\"auto, (max-width: 300px) 100vw, 300px\" \/><\/p>\n<\/div><\/section>\n\n<style type=\"text\/css\" data-created_by=\"avia_inline_auto\" id=\"style-css-av-av_hr-ee2847e2e025ce3d30801259a03f9fd4\">\n#top .hr.hr-invisible.av-av_hr-ee2847e2e025ce3d30801259a03f9fd4{\nheight:10px;\n}\n<\/style>\n<div  class='hr av-av_hr-ee2847e2e025ce3d30801259a03f9fd4 hr-invisible  avia-builder-el-13  el_after_av_textblock  avia-builder-el-last '><span class='hr-inner '><span class=\"hr-inner-style\"><\/span><\/span><\/div>\n<\/p>\n","protected":false},"excerpt":{"rendered":"","protected":false},"author":1,"featured_media":0,"parent":0,"menu_order":0,"comment_status":"closed","ping_status":"closed","template":"","meta":{"footnotes":""},"class_list":["post-981","page","type-page","status-publish","hentry"],"yoast_head":"<!-- This site is optimized with the Yoast SEO plugin v27.4 - https:\/\/yoast.com\/product\/yoast-seo-wordpress\/ -->\n<title>Asistencia Empresarial en Badalona | LES GUIXERES<\/title>\n<meta name=\"description\" content=\"Asistencia Empresarial en Badalona | LES GUIXERES Asociaci\u00f3n Empresarial\" \/>\n<meta name=\"robots\" content=\"index, follow, max-snippet:-1, max-image-preview:large, max-video-preview:-1\" \/>\n<link rel=\"canonical\" href=\"https:\/\/www.lesguixeres.com\/es\/asistencia-empresarial-badalona\/\" \/>\n<meta property=\"og:locale\" content=\"es_ES\" \/>\n<meta property=\"og:type\" content=\"article\" \/>\n<meta property=\"og:title\" content=\"Asistencia Empresarial en Badalona | LES GUIXERES\" \/>\n<meta property=\"og:description\" content=\"Asistencia Empresarial en Badalona | LES GUIXERES Asociaci\u00f3n Empresarial\" \/>\n<meta property=\"og:url\" content=\"https:\/\/www.lesguixeres.com\/es\/asistencia-empresarial-badalona\/\" \/>\n<meta property=\"og:site_name\" content=\"LES GUIXERES\" \/>\n<meta property=\"article:modified_time\" content=\"2016-07-22T10:23:41+00:00\" \/>\n<meta property=\"og:image\" content=\"http:\/\/guixeres.basicestudioonline.com\/wp-content\/uploads\/2014\/08\/logo-guixeras-300x99.png\" \/>\n<meta name=\"twitter:card\" content=\"summary_large_image\" \/>\n<meta name=\"twitter:label1\" content=\"Tiempo de lectura\" \/>\n\t<meta name=\"twitter:data1\" content=\"3 minutos\" \/>\n<script type=\"application\/ld+json\" class=\"yoast-schema-graph\">{\"@context\":\"https:\\\/\\\/schema.org\",\"@graph\":[{\"@type\":\"WebPage\",\"@id\":\"https:\\\/\\\/www.lesguixeres.com\\\/es\\\/asistencia-empresarial-badalona\\\/\",\"url\":\"https:\\\/\\\/www.lesguixeres.com\\\/es\\\/asistencia-empresarial-badalona\\\/\",\"name\":\"Asistencia Empresarial en Badalona | LES GUIXERES\",\"isPartOf\":{\"@id\":\"https:\\\/\\\/www.lesguixeres.com\\\/#website\"},\"primaryImageOfPage\":{\"@id\":\"https:\\\/\\\/www.lesguixeres.com\\\/es\\\/asistencia-empresarial-badalona\\\/#primaryimage\"},\"image\":{\"@id\":\"https:\\\/\\\/www.lesguixeres.com\\\/es\\\/asistencia-empresarial-badalona\\\/#primaryimage\"},\"thumbnailUrl\":\"http:\\\/\\\/guixeres.basicestudioonline.com\\\/wp-content\\\/uploads\\\/2014\\\/08\\\/logo-guixeras-300x99.png\",\"datePublished\":\"2016-07-11T10:31:33+00:00\",\"dateModified\":\"2016-07-22T10:23:41+00:00\",\"description\":\"Asistencia Empresarial en Badalona | LES GUIXERES Asociaci\u00f3n Empresarial\",\"breadcrumb\":{\"@id\":\"https:\\\/\\\/www.lesguixeres.com\\\/es\\\/asistencia-empresarial-badalona\\\/#breadcrumb\"},\"inLanguage\":\"es\",\"potentialAction\":[{\"@type\":\"ReadAction\",\"target\":[\"https:\\\/\\\/www.lesguixeres.com\\\/es\\\/asistencia-empresarial-badalona\\\/\"]}]},{\"@type\":\"ImageObject\",\"inLanguage\":\"es\",\"@id\":\"https:\\\/\\\/www.lesguixeres.com\\\/es\\\/asistencia-empresarial-badalona\\\/#primaryimage\",\"url\":\"http:\\\/\\\/guixeres.basicestudioonline.com\\\/wp-content\\\/uploads\\\/2014\\\/08\\\/logo-guixeras-300x99.png\",\"contentUrl\":\"http:\\\/\\\/guixeres.basicestudioonline.com\\\/wp-content\\\/uploads\\\/2014\\\/08\\\/logo-guixeras-300x99.png\"},{\"@type\":\"BreadcrumbList\",\"@id\":\"https:\\\/\\\/www.lesguixeres.com\\\/es\\\/asistencia-empresarial-badalona\\\/#breadcrumb\",\"itemListElement\":[{\"@type\":\"ListItem\",\"position\":1,\"name\":\"Portada\",\"item\":\"https:\\\/\\\/www.lesguixeres.com\\\/es\\\/\"},{\"@type\":\"ListItem\",\"position\":2,\"name\":\"Asistencia empresarial\"}]},{\"@type\":\"WebSite\",\"@id\":\"https:\\\/\\\/www.lesguixeres.com\\\/#website\",\"url\":\"https:\\\/\\\/www.lesguixeres.com\\\/\",\"name\":\"LES GUIXERES\",\"description\":\"Asociaci\u00f3n Empresarial\",\"potentialAction\":[{\"@type\":\"SearchAction\",\"target\":{\"@type\":\"EntryPoint\",\"urlTemplate\":\"https:\\\/\\\/www.lesguixeres.com\\\/?s={search_term_string}\"},\"query-input\":{\"@type\":\"PropertyValueSpecification\",\"valueRequired\":true,\"valueName\":\"search_term_string\"}}],\"inLanguage\":\"es\"}]}<\/script>\n<!-- \/ Yoast SEO plugin. -->","yoast_head_json":{"title":"Asistencia Empresarial en Badalona | LES GUIXERES","description":"Asistencia Empresarial en Badalona | LES GUIXERES Asociaci\u00f3n Empresarial","robots":{"index":"index","follow":"follow","max-snippet":"max-snippet:-1","max-image-preview":"max-image-preview:large","max-video-preview":"max-video-preview:-1"},"canonical":"https:\/\/www.lesguixeres.com\/es\/asistencia-empresarial-badalona\/","og_locale":"es_ES","og_type":"article","og_title":"Asistencia Empresarial en Badalona | LES GUIXERES","og_description":"Asistencia Empresarial en Badalona | LES GUIXERES Asociaci\u00f3n Empresarial","og_url":"https:\/\/www.lesguixeres.com\/es\/asistencia-empresarial-badalona\/","og_site_name":"LES GUIXERES","article_modified_time":"2016-07-22T10:23:41+00:00","og_image":[{"url":"http:\/\/guixeres.basicestudioonline.com\/wp-content\/uploads\/2014\/08\/logo-guixeras-300x99.png","type":"","width":"","height":""}],"twitter_card":"summary_large_image","twitter_misc":{"Tiempo de lectura":"3 minutos"},"schema":{"@context":"https:\/\/schema.org","@graph":[{"@type":"WebPage","@id":"https:\/\/www.lesguixeres.com\/es\/asistencia-empresarial-badalona\/","url":"https:\/\/www.lesguixeres.com\/es\/asistencia-empresarial-badalona\/","name":"Asistencia Empresarial en Badalona | LES GUIXERES","isPartOf":{"@id":"https:\/\/www.lesguixeres.com\/#website"},"primaryImageOfPage":{"@id":"https:\/\/www.lesguixeres.com\/es\/asistencia-empresarial-badalona\/#primaryimage"},"image":{"@id":"https:\/\/www.lesguixeres.com\/es\/asistencia-empresarial-badalona\/#primaryimage"},"thumbnailUrl":"http:\/\/guixeres.basicestudioonline.com\/wp-content\/uploads\/2014\/08\/logo-guixeras-300x99.png","datePublished":"2016-07-11T10:31:33+00:00","dateModified":"2016-07-22T10:23:41+00:00","description":"Asistencia Empresarial en Badalona | LES GUIXERES Asociaci\u00f3n Empresarial","breadcrumb":{"@id":"https:\/\/www.lesguixeres.com\/es\/asistencia-empresarial-badalona\/#breadcrumb"},"inLanguage":"es","potentialAction":[{"@type":"ReadAction","target":["https:\/\/www.lesguixeres.com\/es\/asistencia-empresarial-badalona\/"]}]},{"@type":"ImageObject","inLanguage":"es","@id":"https:\/\/www.lesguixeres.com\/es\/asistencia-empresarial-badalona\/#primaryimage","url":"http:\/\/guixeres.basicestudioonline.com\/wp-content\/uploads\/2014\/08\/logo-guixeras-300x99.png","contentUrl":"http:\/\/guixeres.basicestudioonline.com\/wp-content\/uploads\/2014\/08\/logo-guixeras-300x99.png"},{"@type":"BreadcrumbList","@id":"https:\/\/www.lesguixeres.com\/es\/asistencia-empresarial-badalona\/#breadcrumb","itemListElement":[{"@type":"ListItem","position":1,"name":"Portada","item":"https:\/\/www.lesguixeres.com\/es\/"},{"@type":"ListItem","position":2,"name":"Asistencia empresarial"}]},{"@type":"WebSite","@id":"https:\/\/www.lesguixeres.com\/#website","url":"https:\/\/www.lesguixeres.com\/","name":"LES GUIXERES","description":"Asociaci\u00f3n Empresarial","potentialAction":[{"@type":"SearchAction","target":{"@type":"EntryPoint","urlTemplate":"https:\/\/www.lesguixeres.com\/?s={search_term_string}"},"query-input":{"@type":"PropertyValueSpecification","valueRequired":true,"valueName":"search_term_string"}}],"inLanguage":"es"}]}},"_links":{"self":[{"href":"https:\/\/www.lesguixeres.com\/es\/wp-json\/wp\/v2\/pages\/981","targetHints":{"allow":["GET"]}}],"collection":[{"href":"https:\/\/www.lesguixeres.com\/es\/wp-json\/wp\/v2\/pages"}],"about":[{"href":"https:\/\/www.lesguixeres.com\/es\/wp-json\/wp\/v2\/types\/page"}],"author":[{"embeddable":true,"href":"https:\/\/www.lesguixeres.com\/es\/wp-json\/wp\/v2\/users\/1"}],"replies":[{"embeddable":true,"href":"https:\/\/www.lesguixeres.com\/es\/wp-json\/wp\/v2\/comments?post=981"}],"version-history":[{"count":8,"href":"https:\/\/www.lesguixeres.com\/es\/wp-json\/wp\/v2\/pages\/981\/revisions"}],"predecessor-version":[{"id":1173,"href":"https:\/\/www.lesguixeres.com\/es\/wp-json\/wp\/v2\/pages\/981\/revisions\/1173"}],"wp:attachment":[{"href":"https:\/\/www.lesguixeres.com\/es\/wp-json\/wp\/v2\/media?parent=981"}],"curies":[{"name":"wp","href":"https:\/\/api.w.org\/{rel}","templated":true}]}}