{"id":990,"date":"2016-07-14T09:42:41","date_gmt":"2016-07-14T07:42:41","guid":{"rendered":"http:\/\/guixeres.basicestudioonline.com\/es\/?page_id=990"},"modified":"2025-02-12T16:56:57","modified_gmt":"2025-02-12T15:56:57","slug":"poligono-industrial-badalona","status":"publish","type":"page","link":"https:\/\/www.lesguixeres.com\/es\/poligono-industrial-badalona\/","title":{"rendered":"D\u00f3nde Estamos?"},"content":{"rendered":"\n<style type=\"text\/css\" data-created_by=\"avia_inline_auto\" id=\"style-css-av-av_section-b1b024d6e1da50333cb4f2505a4a3db5\">\n.avia-section.av-av_section-b1b024d6e1da50333cb4f2505a4a3db5{\nbackground-color:#00adef;\nbackground-image:url(https:\/\/www.lesguixeres.com\/wp-content\/uploads\/2014\/08\/home-header_2.png);\nbackground-repeat:no-repeat;\nbackground-position:100% 100%;\nbackground-attachment:scroll;\n}\n.avia-section.av-av_section-b1b024d6e1da50333cb4f2505a4a3db5 .av-extra-border-element .av-extra-border-inner{\nbackground-color:#00adef;\n}\n<\/style>\n<div id='av_section_1'  class='avia-section av-av_section-b1b024d6e1da50333cb4f2505a4a3db5 main_color avia-section-default avia-no-border-styling  avia-builder-el-0  el_before_av_section  avia-builder-el-first  avia-bg-style-scroll av-arrow-down-section av-minimum-height av-minimum-height-custom av-height-custom  container_wrap fullsize'  data-section-bg-repeat='no-repeat' data-av_minimum_height_px='430'><div class='container av-section-cont-open' style='height:430px'><main  role=\"main\" itemprop=\"mainContentOfPage\"  class='template-page content  av-content-full alpha units'><div class='post-entry post-entry-type-page post-entry-990'><div class='entry-content-wrapper clearfix'>\n\n<style type=\"text\/css\" data-created_by=\"avia_inline_auto\" id=\"style-css-av-av_heading-a1126055b04a3c4a6e42210bee757ffc\">\n#top .av-special-heading.av-av_heading-a1126055b04a3c4a6e42210bee757ffc{\npadding-bottom:40px;\ncolor:#ffffff;\n}\nbody .av-special-heading.av-av_heading-a1126055b04a3c4a6e42210bee757ffc .av-special-heading-tag .heading-char{\nfont-size:25px;\n}\n.av-special-heading.av-av_heading-a1126055b04a3c4a6e42210bee757ffc .special-heading-inner-border{\nborder-color:#ffffff;\n}\n.av-special-heading.av-av_heading-a1126055b04a3c4a6e42210bee757ffc .av-subheading{\nfont-size:20px;\n}\n<\/style>\n<div  class='av-special-heading av-av_heading-a1126055b04a3c4a6e42210bee757ffc av-special-heading-h1 custom-color-heading blockquote modern-quote  avia-builder-el-1  avia-builder-el-no-sibling '><div class='av_custom_color av-subheading av-subheading_above'><p>La Asociaci\u00f3n<\/p>\n<\/div><h1 class='av-special-heading-tag '  itemprop=\"headline\"  >D\u00f3nde Estamos?<\/h1><div class=\"special-heading-border\"><div class=\"special-heading-inner-border\"><\/div><\/div><\/div>\n\n<\/div><\/div><\/main><!-- close content main element --><\/div><div class='av-extra-border-element border-extra-arrow-down'><div class='av-extra-border-outer'><div class='av-extra-border-inner'><\/div><\/div><\/div><\/div>\n<style type=\"text\/css\" data-created_by=\"avia_inline_auto\" id=\"style-css-av-av_section-96c0177caf1d19eaf03c5cdb50626a5f\">\n.avia-section.av-av_section-96c0177caf1d19eaf03c5cdb50626a5f .av-extra-border-element .av-extra-border-inner{\nbackground-color:#ffffff;\n}\n<\/style>\n<div id='av_section_2'  class='avia-section av-av_section-96c0177caf1d19eaf03c5cdb50626a5f main_color avia-section-default avia-no-shadow  avia-builder-el-2  el_after_av_section  el_before_av_layout_row  avia-bg-style-scroll av-arrow-down-section container_wrap fullsize'  ><div class='container av-section-cont-open' ><div class='template-page content  av-content-full alpha units'><div class='post-entry post-entry-type-page post-entry-990'><div class='entry-content-wrapper clearfix'>\n\n<style type=\"text\/css\" data-created_by=\"avia_inline_auto\" id=\"style-css-av-av_hr-bd84104f09c397338597807ab31c6aca\">\n#top .hr.hr-invisible.av-av_hr-bd84104f09c397338597807ab31c6aca{\nheight:15px;\n}\n<\/style>\n<div  class='hr av-av_hr-bd84104f09c397338597807ab31c6aca hr-invisible  avia-builder-el-3  el_before_av_heading  avia-builder-el-first '><span class='hr-inner '><span class=\"hr-inner-style\"><\/span><\/span><\/div>\n\n<style type=\"text\/css\" data-created_by=\"avia_inline_auto\" id=\"style-css-av-av_heading-54b09e65b8ffe9d54bca9f46519d1e66\">\n#top .av-special-heading.av-av_heading-54b09e65b8ffe9d54bca9f46519d1e66{\npadding-bottom:10px;\ncolor:#00adef;\n}\nbody .av-special-heading.av-av_heading-54b09e65b8ffe9d54bca9f46519d1e66 .av-special-heading-tag .heading-char{\nfont-size:25px;\n}\n.av-special-heading.av-av_heading-54b09e65b8ffe9d54bca9f46519d1e66 .special-heading-inner-border{\nborder-color:#00adef;\n}\n.av-special-heading.av-av_heading-54b09e65b8ffe9d54bca9f46519d1e66 .av-subheading{\nfont-size:15px;\n}\n<\/style>\n<div  class='av-special-heading av-av_heading-54b09e65b8ffe9d54bca9f46519d1e66 av-special-heading-h2 custom-color-heading blockquote modern-quote modern-centered  avia-builder-el-4  el_after_av_hr  el_before_av_textblock '><h2 class='av-special-heading-tag '  itemprop=\"headline\"  >Asociaci\u00f3n Empresarial Les Guixeres<\/h2><div class=\"special-heading-border\"><div class=\"special-heading-inner-border\"><\/div><\/div><\/div>\n<section  class='av_textblock_section av-lpcfi7w0-00a550790215bcf3405997b3ae014b0a '   itemscope=\"itemscope\" itemtype=\"https:\/\/schema.org\/CreativeWork\" ><div class='avia_textblock'  itemprop=\"text\" ><p style=\"text-align: center;\">El Pol\u00edgono Empresarial Les Guixeres goza de una ubicaci\u00f3n privilegiada, ya que se encuentra junto a la Autopista del Maresme C-31, muy cerca del Centro Comercial Montigal\u00e0 de Badalona y<strong> a menos de 15 minutos del centro de Barcelona<\/strong>.<\/p>\n<p style=\"text-align: center;\"><a href=\"http:\/\/www.lesguixeres.com\/wp-content\/uploads\/2016\/07\/lesguixeres_plano_situacion.pdf\" target=\"_blank\" rel=\"noopener\">Consultar plano<\/a><\/p>\n<p style=\"text-align: center;\">Electr\u00f2nica 19, 9-C \u00b7 Pol\u00edgono Industrial Les Guixeres<br \/>\n08915 Badalona<br \/>\n932 995 229 \u00b7 610 479 691<br \/>\n<a href=\"mailto:aelesguixeres@lesguixeres.com\">aelesguixeres@lesguixeres.com<\/a><\/p>\n<\/div><\/section>\n\n<style type=\"text\/css\" data-created_by=\"avia_inline_auto\" id=\"style-css-av-av_hr-5ea7596238ed9f191e6b5e662093052f\">\n#top .hr.hr-invisible.av-av_hr-5ea7596238ed9f191e6b5e662093052f{\nheight:30px;\n}\n<\/style>\n<div  class='hr av-av_hr-5ea7596238ed9f191e6b5e662093052f hr-invisible  avia-builder-el-6  el_after_av_textblock  avia-builder-el-last '><span class='hr-inner '><span class=\"hr-inner-style\"><\/span><\/span><\/div>\n<\/div><\/div><\/div><!-- close content main div --><\/div><div class='av-extra-border-element border-extra-arrow-down'><div class='av-extra-border-outer'><div class='av-extra-border-inner'><\/div><\/div><\/div><\/div><div id='av-layout-grid-1'  class='av-layout-grid-container av-av_layout_row-caf1f26e08707a2ebe9176b630e736c2 entry-content-wrapper main_color av-flex-cells  avia-builder-el-7  el_after_av_section  el_before_av_section  grid-row-not-first  container_wrap fullsize'  >\n\n<style type=\"text\/css\" data-created_by=\"avia_inline_auto\" id=\"style-css-av-av_cell_one_full-2e4487a9e152444d4e0d17dc1e4900f2\">\n.flex_cell.av-av_cell_one_full-2e4487a9e152444d4e0d17dc1e4900f2{\nvertical-align:top;\n}\n.responsive #top #wrap_all .flex_cell.av-av_cell_one_full-2e4487a9e152444d4e0d17dc1e4900f2{\npadding:0px 0px 0px 0px !important;\n}\n<\/style>\n<div class='flex_cell av-av_cell_one_full-2e4487a9e152444d4e0d17dc1e4900f2 av-gridrow-cell av_one_full no_margin  avia-builder-el-8  avia-builder-el-no-sibling  content-align-top av-zero-padding'  ><div class='flex_cell_inner'>\n<\/div><\/div>\n<\/div><\/p>\n\n<style type=\"text\/css\" data-created_by=\"avia_inline_auto\" id=\"style-css-av-av_section-92e314e7e81382012025ba03346d75e2\">\n.avia-section.av-av_section-92e314e7e81382012025ba03346d75e2{\nbackground-color:#efefef;\nbackground-image:unset;\n}\n<\/style>\n<div id='av_section_3'  class='avia-section av-av_section-92e314e7e81382012025ba03346d75e2 main_color avia-section-default avia-no-shadow  avia-builder-el-10  el_after_av_layout_row  avia-builder-el-last  avia-bg-style-scroll container_wrap fullsize'  ><div class='container av-section-cont-open' ><div class='template-page content  av-content-full alpha units'><div class='post-entry post-entry-type-page post-entry-990'><div class='entry-content-wrapper clearfix'>\n<section  class='av_textblock_section av-av_textblock-0366cc7376be6c9e82a3e9cc8987b64f '   itemscope=\"itemscope\" itemtype=\"https:\/\/schema.org\/CreativeWork\" ><div class='avia_textblock'  itemprop=\"text\" ><p style=\"text-align: center;\"><img loading=\"lazy\" decoding=\"async\" class=\"alignnone size-medium wp-image-722\" src=\"http:\/\/guixeres.basicestudioonline.com\/wp-content\/uploads\/2014\/08\/logo-guixeras-300x99.png\" alt=\"logo-guixeras\" width=\"300\" height=\"99\" srcset=\"https:\/\/www.lesguixeres.com\/wp-content\/uploads\/2014\/08\/logo-guixeras-300x99.png 300w, https:\/\/www.lesguixeres.com\/wp-content\/uploads\/2014\/08\/logo-guixeras.png 338w\" sizes=\"auto, (max-width: 300px) 100vw, 300px\" \/><\/p>\n<\/div><\/section>\n\n<style type=\"text\/css\" data-created_by=\"avia_inline_auto\" id=\"style-css-av-av_hr-ee2847e2e025ce3d30801259a03f9fd4\">\n#top .hr.hr-invisible.av-av_hr-ee2847e2e025ce3d30801259a03f9fd4{\nheight:10px;\n}\n<\/style>\n<div  class='hr av-av_hr-ee2847e2e025ce3d30801259a03f9fd4 hr-invisible  avia-builder-el-12  el_after_av_textblock  avia-builder-el-last '><span class='hr-inner '><span class=\"hr-inner-style\"><\/span><\/span><\/div>\n\n","protected":false},"excerpt":{"rendered":"","protected":false},"author":1,"featured_media":0,"parent":0,"menu_order":0,"comment_status":"closed","ping_status":"closed","template":"","meta":{"footnotes":""},"class_list":["post-990","page","type-page","status-publish","hentry"],"yoast_head":"<!-- This site is optimized with the Yoast SEO plugin v27.4 - https:\/\/yoast.com\/product\/yoast-seo-wordpress\/ -->\n<title>Pol\u00edgono Industrial en Badalona | LES GUIXERES<\/title>\n<meta name=\"description\" content=\"Pol\u00edgono Industrial en Badalona | LES GUIXERES Asociaci\u00f3n Empresarial\" \/>\n<meta name=\"robots\" content=\"index, follow, max-snippet:-1, max-image-preview:large, max-video-preview:-1\" \/>\n<link rel=\"canonical\" href=\"https:\/\/www.lesguixeres.com\/es\/poligono-industrial-badalona\/\" \/>\n<meta property=\"og:locale\" content=\"es_ES\" \/>\n<meta property=\"og:type\" content=\"article\" \/>\n<meta property=\"og:title\" content=\"Pol\u00edgono Industrial en Badalona | LES GUIXERES\" \/>\n<meta property=\"og:description\" content=\"Pol\u00edgono Industrial en Badalona | LES GUIXERES Asociaci\u00f3n Empresarial\" \/>\n<meta property=\"og:url\" content=\"https:\/\/www.lesguixeres.com\/es\/poligono-industrial-badalona\/\" \/>\n<meta property=\"og:site_name\" content=\"LES GUIXERES\" \/>\n<meta property=\"article:modified_time\" content=\"2025-02-12T15:56:57+00:00\" \/>\n<meta property=\"og:image\" content=\"https:\/\/www.lesguixeres.com\/wp-content\/uploads\/2014\/08\/logo-guixeras.png\" \/>\n\t<meta property=\"og:image:width\" content=\"338\" \/>\n\t<meta property=\"og:image:height\" content=\"111\" \/>\n\t<meta property=\"og:image:type\" content=\"image\/png\" \/>\n<meta name=\"twitter:card\" content=\"summary_large_image\" \/>\n<meta name=\"twitter:label1\" content=\"Tiempo de lectura\" \/>\n\t<meta name=\"twitter:data1\" content=\"1 minuto\" \/>\n<script type=\"application\/ld+json\" class=\"yoast-schema-graph\">{\"@context\":\"https:\\\/\\\/schema.org\",\"@graph\":[{\"@type\":\"WebPage\",\"@id\":\"https:\\\/\\\/www.lesguixeres.com\\\/es\\\/poligono-industrial-badalona\\\/\",\"url\":\"https:\\\/\\\/www.lesguixeres.com\\\/es\\\/poligono-industrial-badalona\\\/\",\"name\":\"Pol\u00edgono Industrial en Badalona | LES GUIXERES\",\"isPartOf\":{\"@id\":\"https:\\\/\\\/www.lesguixeres.com\\\/#website\"},\"primaryImageOfPage\":{\"@id\":\"https:\\\/\\\/www.lesguixeres.com\\\/es\\\/poligono-industrial-badalona\\\/#primaryimage\"},\"image\":{\"@id\":\"https:\\\/\\\/www.lesguixeres.com\\\/es\\\/poligono-industrial-badalona\\\/#primaryimage\"},\"thumbnailUrl\":\"http:\\\/\\\/guixeres.basicestudioonline.com\\\/wp-content\\\/uploads\\\/2014\\\/08\\\/logo-guixeras-300x99.png\",\"datePublished\":\"2016-07-14T07:42:41+00:00\",\"dateModified\":\"2025-02-12T15:56:57+00:00\",\"description\":\"Pol\u00edgono Industrial en Badalona | LES GUIXERES Asociaci\u00f3n Empresarial\",\"breadcrumb\":{\"@id\":\"https:\\\/\\\/www.lesguixeres.com\\\/es\\\/poligono-industrial-badalona\\\/#breadcrumb\"},\"inLanguage\":\"es\",\"potentialAction\":[{\"@type\":\"ReadAction\",\"target\":[\"https:\\\/\\\/www.lesguixeres.com\\\/es\\\/poligono-industrial-badalona\\\/\"]}]},{\"@type\":\"ImageObject\",\"inLanguage\":\"es\",\"@id\":\"https:\\\/\\\/www.lesguixeres.com\\\/es\\\/poligono-industrial-badalona\\\/#primaryimage\",\"url\":\"http:\\\/\\\/guixeres.basicestudioonline.com\\\/wp-content\\\/uploads\\\/2014\\\/08\\\/logo-guixeras-300x99.png\",\"contentUrl\":\"http:\\\/\\\/guixeres.basicestudioonline.com\\\/wp-content\\\/uploads\\\/2014\\\/08\\\/logo-guixeras-300x99.png\"},{\"@type\":\"BreadcrumbList\",\"@id\":\"https:\\\/\\\/www.lesguixeres.com\\\/es\\\/poligono-industrial-badalona\\\/#breadcrumb\",\"itemListElement\":[{\"@type\":\"ListItem\",\"position\":1,\"name\":\"Portada\",\"item\":\"https:\\\/\\\/www.lesguixeres.com\\\/es\\\/\"},{\"@type\":\"ListItem\",\"position\":2,\"name\":\"D\u00f3nde Estamos?\"}]},{\"@type\":\"WebSite\",\"@id\":\"https:\\\/\\\/www.lesguixeres.com\\\/#website\",\"url\":\"https:\\\/\\\/www.lesguixeres.com\\\/\",\"name\":\"LES GUIXERES\",\"description\":\"Asociaci\u00f3n Empresarial\",\"potentialAction\":[{\"@type\":\"SearchAction\",\"target\":{\"@type\":\"EntryPoint\",\"urlTemplate\":\"https:\\\/\\\/www.lesguixeres.com\\\/?s={search_term_string}\"},\"query-input\":{\"@type\":\"PropertyValueSpecification\",\"valueRequired\":true,\"valueName\":\"search_term_string\"}}],\"inLanguage\":\"es\"}]}<\/script>\n<!-- \/ Yoast SEO plugin. -->","yoast_head_json":{"title":"Pol\u00edgono Industrial en Badalona | LES GUIXERES","description":"Pol\u00edgono Industrial en Badalona | LES GUIXERES Asociaci\u00f3n Empresarial","robots":{"index":"index","follow":"follow","max-snippet":"max-snippet:-1","max-image-preview":"max-image-preview:large","max-video-preview":"max-video-preview:-1"},"canonical":"https:\/\/www.lesguixeres.com\/es\/poligono-industrial-badalona\/","og_locale":"es_ES","og_type":"article","og_title":"Pol\u00edgono Industrial en Badalona | LES GUIXERES","og_description":"Pol\u00edgono Industrial en Badalona | LES GUIXERES Asociaci\u00f3n Empresarial","og_url":"https:\/\/www.lesguixeres.com\/es\/poligono-industrial-badalona\/","og_site_name":"LES GUIXERES","article_modified_time":"2025-02-12T15:56:57+00:00","og_image":[{"width":338,"height":111,"url":"https:\/\/www.lesguixeres.com\/wp-content\/uploads\/2014\/08\/logo-guixeras.png","type":"image\/png"}],"twitter_card":"summary_large_image","twitter_misc":{"Tiempo de lectura":"1 minuto"},"schema":{"@context":"https:\/\/schema.org","@graph":[{"@type":"WebPage","@id":"https:\/\/www.lesguixeres.com\/es\/poligono-industrial-badalona\/","url":"https:\/\/www.lesguixeres.com\/es\/poligono-industrial-badalona\/","name":"Pol\u00edgono Industrial en Badalona | LES GUIXERES","isPartOf":{"@id":"https:\/\/www.lesguixeres.com\/#website"},"primaryImageOfPage":{"@id":"https:\/\/www.lesguixeres.com\/es\/poligono-industrial-badalona\/#primaryimage"},"image":{"@id":"https:\/\/www.lesguixeres.com\/es\/poligono-industrial-badalona\/#primaryimage"},"thumbnailUrl":"http:\/\/guixeres.basicestudioonline.com\/wp-content\/uploads\/2014\/08\/logo-guixeras-300x99.png","datePublished":"2016-07-14T07:42:41+00:00","dateModified":"2025-02-12T15:56:57+00:00","description":"Pol\u00edgono Industrial en Badalona | LES GUIXERES Asociaci\u00f3n Empresarial","breadcrumb":{"@id":"https:\/\/www.lesguixeres.com\/es\/poligono-industrial-badalona\/#breadcrumb"},"inLanguage":"es","potentialAction":[{"@type":"ReadAction","target":["https:\/\/www.lesguixeres.com\/es\/poligono-industrial-badalona\/"]}]},{"@type":"ImageObject","inLanguage":"es","@id":"https:\/\/www.lesguixeres.com\/es\/poligono-industrial-badalona\/#primaryimage","url":"http:\/\/guixeres.basicestudioonline.com\/wp-content\/uploads\/2014\/08\/logo-guixeras-300x99.png","contentUrl":"http:\/\/guixeres.basicestudioonline.com\/wp-content\/uploads\/2014\/08\/logo-guixeras-300x99.png"},{"@type":"BreadcrumbList","@id":"https:\/\/www.lesguixeres.com\/es\/poligono-industrial-badalona\/#breadcrumb","itemListElement":[{"@type":"ListItem","position":1,"name":"Portada","item":"https:\/\/www.lesguixeres.com\/es\/"},{"@type":"ListItem","position":2,"name":"D\u00f3nde Estamos?"}]},{"@type":"WebSite","@id":"https:\/\/www.lesguixeres.com\/#website","url":"https:\/\/www.lesguixeres.com\/","name":"LES GUIXERES","description":"Asociaci\u00f3n Empresarial","potentialAction":[{"@type":"SearchAction","target":{"@type":"EntryPoint","urlTemplate":"https:\/\/www.lesguixeres.com\/?s={search_term_string}"},"query-input":{"@type":"PropertyValueSpecification","valueRequired":true,"valueName":"search_term_string"}}],"inLanguage":"es"}]}},"_links":{"self":[{"href":"https:\/\/www.lesguixeres.com\/es\/wp-json\/wp\/v2\/pages\/990","targetHints":{"allow":["GET"]}}],"collection":[{"href":"https:\/\/www.lesguixeres.com\/es\/wp-json\/wp\/v2\/pages"}],"about":[{"href":"https:\/\/www.lesguixeres.com\/es\/wp-json\/wp\/v2\/types\/page"}],"author":[{"embeddable":true,"href":"https:\/\/www.lesguixeres.com\/es\/wp-json\/wp\/v2\/users\/1"}],"replies":[{"embeddable":true,"href":"https:\/\/www.lesguixeres.com\/es\/wp-json\/wp\/v2\/comments?post=990"}],"version-history":[{"count":9,"href":"https:\/\/www.lesguixeres.com\/es\/wp-json\/wp\/v2\/pages\/990\/revisions"}],"predecessor-version":[{"id":3033,"href":"https:\/\/www.lesguixeres.com\/es\/wp-json\/wp\/v2\/pages\/990\/revisions\/3033"}],"wp:attachment":[{"href":"https:\/\/www.lesguixeres.com\/es\/wp-json\/wp\/v2\/media?parent=990"}],"curies":[{"name":"wp","href":"https:\/\/api.w.org\/{rel}","templated":true}]}}