{"id":996,"date":"2016-07-14T09:53:46","date_gmt":"2016-07-14T07:53:46","guid":{"rendered":"http:\/\/guixeres.basicestudioonline.com\/es\/?page_id=996"},"modified":"2016-07-22T12:32:23","modified_gmt":"2016-07-22T10:32:23","slug":"informacion-empresarial-badalona","status":"publish","type":"page","link":"https:\/\/www.lesguixeres.com\/es\/informacion-empresarial-badalona\/","title":{"rendered":"Informaci\u00f3n empresarial"},"content":{"rendered":"\n<style type=\"text\/css\" data-created_by=\"avia_inline_auto\" id=\"style-css-av-av_section-f190cb6bf968ece5f5945379aae0db35\">\n.avia-section.av-av_section-f190cb6bf968ece5f5945379aae0db35{\nbackground-color:#3a6f8f;\nbackground-image:url(https:\/\/www.lesguixeres.com\/wp-content\/uploads\/2014\/09\/home-header-2.png);\nbackground-repeat:no-repeat;\nbackground-position:100% 100%;\nbackground-attachment:scroll;\n}\n.avia-section.av-av_section-f190cb6bf968ece5f5945379aae0db35 .av-extra-border-element .av-extra-border-inner{\nbackground-color:#3a6f8f;\n}\n<\/style>\n<div id='av_section_1'  class='avia-section av-av_section-f190cb6bf968ece5f5945379aae0db35 main_color avia-section-default avia-no-border-styling  avia-builder-el-0  el_before_av_section  avia-builder-el-first  avia-bg-style-scroll av-arrow-down-section av-minimum-height av-minimum-height-custom av-height-custom  container_wrap fullsize'  data-section-bg-repeat='no-repeat' data-av_minimum_height_px='430'><div class='container av-section-cont-open' style='height:430px'><main  role=\"main\" itemprop=\"mainContentOfPage\"  class='template-page content  av-content-full alpha units'><div class='post-entry post-entry-type-page post-entry-996'><div class='entry-content-wrapper clearfix'>\n\n<style type=\"text\/css\" data-created_by=\"avia_inline_auto\" id=\"style-css-av-av_heading-5f5efc947b5aa54d156938cf81c9184f\">\n#top .av-special-heading.av-av_heading-5f5efc947b5aa54d156938cf81c9184f{\npadding-bottom:40px;\ncolor:#ffffff;\nfont-size:36px;\n}\nbody .av-special-heading.av-av_heading-5f5efc947b5aa54d156938cf81c9184f .av-special-heading-tag .heading-char{\nfont-size:25px;\n}\n#top #wrap_all .av-special-heading.av-av_heading-5f5efc947b5aa54d156938cf81c9184f .av-special-heading-tag{\nfont-size:36px;\n}\n.av-special-heading.av-av_heading-5f5efc947b5aa54d156938cf81c9184f .special-heading-inner-border{\nborder-color:#ffffff;\n}\n.av-special-heading.av-av_heading-5f5efc947b5aa54d156938cf81c9184f .av-subheading{\nfont-size:20px;\n}\n\n@media only screen and (min-width: 480px) and (max-width: 767px){ \n#top #wrap_all .av-special-heading.av-av_heading-5f5efc947b5aa54d156938cf81c9184f .av-special-heading-tag{\nfont-size:0.8em;\n}\n}\n\n@media only screen and (max-width: 479px){ \n#top #wrap_all .av-special-heading.av-av_heading-5f5efc947b5aa54d156938cf81c9184f .av-special-heading-tag{\nfont-size:0.8em;\n}\n}\n<\/style>\n<div  class='av-special-heading av-av_heading-5f5efc947b5aa54d156938cf81c9184f av-special-heading-h1 custom-color-heading blockquote modern-quote  avia-builder-el-1  avia-builder-el-no-sibling  av-inherit-size'><div class='av_custom_color av-subheading av-subheading_above'><p>Servicios<\/p>\n<\/div><h1 class='av-special-heading-tag '  itemprop=\"headline\"  >Informaci\u00f3n Empresarial<\/h1><div class=\"special-heading-border\"><div class=\"special-heading-inner-border\"><\/div><\/div><\/div>\n\n<\/div><\/div><\/main><!-- close content main element --><\/div><div class='av-extra-border-element border-extra-arrow-down'><div class='av-extra-border-outer'><div class='av-extra-border-inner'><\/div><\/div><\/div><\/div>\n<style type=\"text\/css\" data-created_by=\"avia_inline_auto\" id=\"style-css-av-av_section-bab57b42742151521759e8aac5119215\">\n.avia-section.av-av_section-bab57b42742151521759e8aac5119215 .av-extra-border-element .av-extra-border-inner{\nbackground-color:#ffffff;\n}\n<\/style>\n<div id='av_section_2'  class='avia-section av-av_section-bab57b42742151521759e8aac5119215 main_color avia-section-large avia-no-border-styling  avia-builder-el-2  el_after_av_section  el_before_av_section  avia-bg-style-scroll av-arrow-down-section container_wrap fullsize'  ><div class='container av-section-cont-open' ><div class='template-page content  av-content-full alpha units'><div class='post-entry post-entry-type-page post-entry-996'><div class='entry-content-wrapper clearfix'>\n\n<style type=\"text\/css\" data-created_by=\"avia_inline_auto\" id=\"style-css-av-av_hr-700f541d972245794a15cf7af70b2112\">\n#top .hr.hr-invisible.av-av_hr-700f541d972245794a15cf7af70b2112{\nheight:15px;\n}\n<\/style>\n<div  class='hr av-av_hr-700f541d972245794a15cf7af70b2112 hr-invisible  avia-builder-el-3  el_before_av_one_third  avia-builder-el-first '><span class='hr-inner '><span class=\"hr-inner-style\"><\/span><\/span><\/div>\n<div  class='flex_column av-av_one_third-2a9015ff38129c418a3f2eafba3e9512 av_one_third  avia-builder-el-4  el_after_av_hr  el_before_av_two_third  first flex_column_div  '     ><style type=\"text\/css\" data-created_by=\"avia_inline_auto\" id=\"style-css-av-av_image-e553f96407b8474d3f683b0e961035b9\">\n.avia-image-container.av-av_image-e553f96407b8474d3f683b0e961035b9 img.avia_image{\nbox-shadow:none;\n}\n.avia-image-container.av-av_image-e553f96407b8474d3f683b0e961035b9 .av-image-caption-overlay-center{\ncolor:#ffffff;\n}\n<\/style>\n<div  class='avia-image-container av-av_image-e553f96407b8474d3f683b0e961035b9 av-styling- av-hover-grow avia-align-right  avia-builder-el-5  avia-builder-el-no-sibling '   itemprop=\"image\" itemscope=\"itemscope\" itemtype=\"https:\/\/schema.org\/ImageObject\" ><div class=\"avia-image-container-inner\"><div class=\"avia-image-overlay-wrap\"><img decoding=\"async\" fetchpriority=\"high\" class='wp-image-1624 avia-img-lazy-loading-not-1624 avia_image ' src=\"https:\/\/www.lesguixeres.com\/wp-content\/uploads\/2016\/02\/serveis-informacio-empresarial.jpg\" alt='' title=''  height=\"300\" width=\"300\"  itemprop=\"thumbnailUrl\" srcset=\"https:\/\/www.lesguixeres.com\/wp-content\/uploads\/2016\/02\/serveis-informacio-empresarial.jpg 300w, https:\/\/www.lesguixeres.com\/wp-content\/uploads\/2016\/02\/serveis-informacio-empresarial-80x80.jpg 80w, https:\/\/www.lesguixeres.com\/wp-content\/uploads\/2016\/02\/serveis-informacio-empresarial-36x36.jpg 36w, https:\/\/www.lesguixeres.com\/wp-content\/uploads\/2016\/02\/serveis-informacio-empresarial-180x180.jpg 180w, https:\/\/www.lesguixeres.com\/wp-content\/uploads\/2016\/02\/serveis-informacio-empresarial-120x120.jpg 120w\" sizes=\"(max-width: 300px) 100vw, 300px\" \/><\/div><\/div><\/div><\/div>\n<style type=\"text\/css\" data-created_by=\"avia_inline_auto\" id=\"style-css-av-av_two_third-9c1d454dc06f7247226bc4e8f931daae\">\n.flex_column.av-av_two_third-9c1d454dc06f7247226bc4e8f931daae{\nborder-radius:0px 0px 0px 0px;\npadding:0px 0px 0px 0px;\n}\n<\/style>\n<div  class='flex_column av-av_two_third-9c1d454dc06f7247226bc4e8f931daae av_two_third  avia-builder-el-6  el_after_av_one_third  el_before_av_hr  flex_column_div av-zero-column-padding  '     ><p>\n<style type=\"text\/css\" data-created_by=\"avia_inline_auto\" id=\"style-css-av-av_heading-e9f80ec5a8e941431d068c99b3bc2ffd\">\n#top .av-special-heading.av-av_heading-e9f80ec5a8e941431d068c99b3bc2ffd{\npadding-bottom:10px;\n}\nbody .av-special-heading.av-av_heading-e9f80ec5a8e941431d068c99b3bc2ffd .av-special-heading-tag .heading-char{\nfont-size:25px;\n}\n.av-special-heading.av-av_heading-e9f80ec5a8e941431d068c99b3bc2ffd .av-subheading{\nfont-size:15px;\n}\n<\/style>\n<div  class='av-special-heading av-av_heading-e9f80ec5a8e941431d068c99b3bc2ffd av-special-heading-h2 blockquote modern-quote  avia-builder-el-7  el_before_av_textblock  avia-builder-el-first '><div class='av-subheading av-subheading_above'><p>Informaci\u00f3n Empresarial<\/p>\n<\/div><h2 class='av-special-heading-tag '  itemprop=\"headline\"  >Le Mantenemos Informado<\/h2><div class=\"special-heading-border\"><div class=\"special-heading-inner-border\"><\/div><\/div><\/div><br \/>\n\n<style type=\"text\/css\" data-created_by=\"avia_inline_auto\" id=\"style-css-av-av_textblock-fae8699d538200a543ba402659dba9b0\">\n#top .av_textblock_section.av-av_textblock-fae8699d538200a543ba402659dba9b0 .avia_textblock{\nfont-size:16px;\n}\n<\/style>\n<section  class='av_textblock_section av-av_textblock-fae8699d538200a543ba402659dba9b0 '   itemscope=\"itemscope\" itemtype=\"https:\/\/schema.org\/CreativeWork\" ><div class='avia_textblock'  itemprop=\"text\" ><p style=\"text-align: left;\">Facilitamos a nuestros asociados\u00a0<strong>toda la informaci\u00f3n<\/strong> que les pueda ser \u00fatil, relacionada con:<\/p>\n<p><strong>\u00b7 <\/strong>Convenios<br \/>\n<strong>\u00b7 <\/strong>Informes<br \/>\n<strong>\u00b7 <\/strong>Ordenanzas municipales de Badalona o licencias<br \/>\n<strong>\u00b7 <\/strong>Suministros (agua, luz&#8230;)<br \/>\n<strong>\u00b7 <\/strong>Ayudas y subvenciones (contrataci\u00f3n de trabajadores, inversiones, nuevas tecnolog\u00edas, pr\u00e9stamos&#8230;)<\/p>\n<\/div><\/section><\/p><\/div>\n<style type=\"text\/css\" data-created_by=\"avia_inline_auto\" id=\"style-css-av-av_hr-700f541d972245794a15cf7af70b2112\">\n#top .hr.hr-invisible.av-av_hr-700f541d972245794a15cf7af70b2112{\nheight:15px;\n}\n<\/style>\n<div  class='hr av-av_hr-700f541d972245794a15cf7af70b2112 hr-invisible  avia-builder-el-9  el_after_av_two_third  el_before_av_hr '><span class='hr-inner '><span class=\"hr-inner-style\"><\/span><\/span><\/div>\n\n<style type=\"text\/css\" data-created_by=\"avia_inline_auto\" id=\"style-css-av-av_hr-700f541d972245794a15cf7af70b2112\">\n#top .hr.hr-invisible.av-av_hr-700f541d972245794a15cf7af70b2112{\nheight:15px;\n}\n<\/style>\n<div  class='hr av-av_hr-700f541d972245794a15cf7af70b2112 hr-invisible  avia-builder-el-10  el_after_av_hr  avia-builder-el-last '><span class='hr-inner '><span class=\"hr-inner-style\"><\/span><\/span><\/div>\n<\/div><\/div><\/div><!-- close content main div --><\/div><div class='av-extra-border-element border-extra-arrow-down'><div class='av-extra-border-outer'><div class='av-extra-border-inner'><\/div><\/div><\/div><\/div>\n<style type=\"text\/css\" data-created_by=\"avia_inline_auto\" id=\"style-css-av-av_section-33681b2c12776c106ebcbb19686e2f62\">\n.avia-section.av-av_section-33681b2c12776c106ebcbb19686e2f62{\nbackground-color:#efefef;\nbackground-image:unset;\n}\n.avia-section.av-av_section-33681b2c12776c106ebcbb19686e2f62 .av-extra-border-element .av-extra-border-inner{\nbackground-color:#efefef;\n}\n<\/style>\n<div id='av_section_3'  class='avia-section av-av_section-33681b2c12776c106ebcbb19686e2f62 main_color avia-section-large avia-no-border-styling  avia-builder-el-11  el_after_av_section  el_before_av_section  avia-bg-style-parallax av-arrow-down-section container_wrap fullsize'  ><div class='container av-section-cont-open' ><div class='template-page content  av-content-full alpha units'><div class='post-entry post-entry-type-page post-entry-996'><div class='entry-content-wrapper clearfix'>\n<div  class='flex_column av-av_one_fourth-2a9015ff38129c418a3f2eafba3e9512 av_one_fourth  avia-builder-el-12  el_before_av_one_half  avia-builder-el-first  first flex_column_div  '     ><\/div>\n<style type=\"text\/css\" data-created_by=\"avia_inline_auto\" id=\"style-css-av-av_one_half-9c1d454dc06f7247226bc4e8f931daae\">\n.flex_column.av-av_one_half-9c1d454dc06f7247226bc4e8f931daae{\nborder-radius:0px 0px 0px 0px;\npadding:0px 0px 0px 0px;\n}\n<\/style>\n<div  class='flex_column av-av_one_half-9c1d454dc06f7247226bc4e8f931daae av_one_half  avia-builder-el-13  el_after_av_one_fourth  el_before_av_one_fourth  flex_column_div av-zero-column-padding  '     ><style type=\"text\/css\" data-created_by=\"avia_inline_auto\" id=\"style-css-av-av_partner-f650295c530ba128aff6a191d03f3ad2\">\n.avia-logo-element-container.av-av_partner-f650295c530ba128aff6a191d03f3ad2 .av-partner-fake-img{\nbackground-size:cover;\n}\n<\/style>\n<div  class='avia-logo-element-container av-av_partner-f650295c530ba128aff6a191d03f3ad2 avia-logo-grid avia-content-slider avia-smallarrow-slider avia-content-grid-active noHover avia-content-slider-odd  avia-builder-el-14  avia-builder-el-no-sibling  avia-content-slider1' ><div class='avia-smallarrow-slider-heading '><div class='new-special-heading'><h3 class='av-logo-special-heading-text '><\/p>\n<p style=\"text-align: center;\">Adem\u00e1s, puede consultar estos enlaces de inter\u00e9s:<\/p>\n<p><\/h3><\/div><\/div><div class=\"avia-content-slider-inner\"><div class=\"slide-entry-wrap\"><div  class='slide-entry av-av_partner_logo-3c14ffe23559c59846ad129fe0a1cab6 flex_column no_margin av_one_third real-thumbnail post-entry slide-entry-overview slide-loop-1 slide-parity-odd  first'><a href=\"http:\/\/badalona.cat\/portalWeb\/\" data-rel='slide-1' class='slide-image' title=''  target=\"_blank\"  rel=\"noopener noreferrer\"><span class='av-partner-fake-img' style='padding-bottom:58.222222222222%; background-image:url(https:\/\/www.lesguixeres.com\/wp-content\/uploads\/2016\/02\/bn_infoempresarial_ajuntamentdebadalona_logo-450x262.jpg);'><\/span><\/a><\/div><div  class='slide-entry av-av_partner_logo-32ab4dd7128ae19f1ba23f65af231137 flex_column no_margin av_one_third real-thumbnail post-entry slide-entry-overview slide-loop-2 slide-parity-even  '><a href=\"http:\/\/www.barcelona.cat\/ca\/\" data-rel='slide-1' class='slide-image' title=''  target=\"_blank\"  rel=\"noopener noreferrer\"><span class='av-partner-fake-img' style='padding-bottom:58.222222222222%; background-image:url(https:\/\/www.lesguixeres.com\/wp-content\/uploads\/2016\/02\/bn_infoempresarial_ajuntamentdebarcelona_logo-450x262.jpg);'><\/span><\/a><\/div><div  class='slide-entry av-av_partner_logo-9ce243f06d934fe34040d545f412ef38 flex_column no_margin av_one_third real-thumbnail post-entry slide-entry-overview slide-loop-3 slide-parity-odd  '><a href=\"http:\/\/www.diba.cat\/\" data-rel='slide-1' class='slide-image' title=''  target=\"_blank\"  rel=\"noopener noreferrer\"><span class='av-partner-fake-img' style='padding-bottom:58.222222222222%; background-image:url(https:\/\/www.lesguixeres.com\/wp-content\/uploads\/2016\/02\/bn_infoempresarial_diputaciodebarcelona_logo-450x262.jpg);'><\/span><\/a><\/div><\/div><div class=\"slide-entry-wrap\"><div  class='slide-entry av-av_partner_logo-57d596aa47b9c33da903417e5de72ba2 flex_column no_margin av_one_third real-thumbnail post-entry slide-entry-overview slide-loop-4 slide-parity-odd  first'><a href=\"http:\/\/web.gencat.cat\/ca\/inici\/\" data-rel='slide-1' class='slide-image' title=''  target=\"_blank\"  rel=\"noopener noreferrer\"><span class='av-partner-fake-img' style='padding-bottom:58.222222222222%; background-image:url(https:\/\/www.lesguixeres.com\/wp-content\/uploads\/2016\/02\/bn_infoempresarial_generalitatdecatalunya_logo-450x262.jpg);'><\/span><\/a><\/div><div  class='slide-entry av-av_partner_logo-e6c9e0c8f11799a2ab8a1bf71ba5a3f8 flex_column no_margin av_one_third real-thumbnail post-entry slide-entry-overview slide-loop-5 slide-parity-even  '><a href=\"http:\/\/www.boe.es\/\" data-rel='slide-1' class='slide-image' title=''  target=\"_blank\"  rel=\"noopener noreferrer\"><span class='av-partner-fake-img' style='padding-bottom:58.222222222222%; background-image:url(https:\/\/www.lesguixeres.com\/wp-content\/uploads\/2016\/02\/bn_infoempresarial_boe_logo-450x262.jpg);'><\/span><\/a><\/div><div  class='slide-entry av-av_partner_logo-001ba9b6c76e4fb97408ca0c8b2bacca flex_column no_margin av_one_third real-thumbnail post-entry slide-entry-overview slide-loop-6 slide-parity-odd post-entry-last '><a href=\"http:\/\/www.vilaweb.cat\/\" data-rel='slide-1' class='slide-image' title=''  target=\"_blank\"  rel=\"noopener noreferrer\"><span class='av-partner-fake-img' style='padding-bottom:58.222222222222%; background-image:url(https:\/\/www.lesguixeres.com\/wp-content\/uploads\/2016\/02\/bn_infoempresarial_vilaweb_logo-450x262.jpg);'><\/span><\/a><\/div><\/div><\/div><\/div><\/div>\n<style type=\"text\/css\" data-created_by=\"avia_inline_auto\" id=\"style-css-av-av_one_fourth-9c1d454dc06f7247226bc4e8f931daae\">\n.flex_column.av-av_one_fourth-9c1d454dc06f7247226bc4e8f931daae{\nborder-radius:0px 0px 0px 0px;\npadding:0px 0px 0px 0px;\n}\n<\/style>\n<div  class='flex_column av-av_one_fourth-9c1d454dc06f7247226bc4e8f931daae av_one_fourth  avia-builder-el-15  el_after_av_one_half  el_before_av_hr  flex_column_div av-zero-column-padding  '     ><\/div>\n<style type=\"text\/css\" data-created_by=\"avia_inline_auto\" id=\"style-css-av-av_hr-5ea7596238ed9f191e6b5e662093052f\">\n#top .hr.hr-invisible.av-av_hr-5ea7596238ed9f191e6b5e662093052f{\nheight:30px;\n}\n<\/style>\n<div  class='hr av-av_hr-5ea7596238ed9f191e6b5e662093052f hr-invisible  avia-builder-el-16  el_after_av_one_fourth  avia-builder-el-last '><span class='hr-inner '><span class=\"hr-inner-style\"><\/span><\/span><\/div>\n<\/p>\n<\/div><\/div><\/div><!-- close content main div --><\/div><div class='av-extra-border-element border-extra-arrow-down'><div class='av-extra-border-outer'><div class='av-extra-border-inner'><\/div><\/div><\/div><\/div>\n<style type=\"text\/css\" data-created_by=\"avia_inline_auto\" id=\"style-css-av-av_section-fb37fa88fbca848c7e29aff3fecdfcf1\">\n.avia-section.av-av_section-fb37fa88fbca848c7e29aff3fecdfcf1{\nbackground-color:#ffffff;\nbackground-image:unset;\n}\n<\/style>\n<div id='av_section_4'  class='avia-section av-av_section-fb37fa88fbca848c7e29aff3fecdfcf1 main_color avia-section-default avia-no-shadow  avia-builder-el-17  el_after_av_section  avia-builder-el-last  avia-bg-style-scroll container_wrap fullsize'  ><div class='container av-section-cont-open' ><div class='template-page content  av-content-full alpha units'><div class='post-entry post-entry-type-page post-entry-996'><div class='entry-content-wrapper clearfix'>\n<section  class='av_textblock_section av-av_textblock-0366cc7376be6c9e82a3e9cc8987b64f '   itemscope=\"itemscope\" itemtype=\"https:\/\/schema.org\/CreativeWork\" ><div class='avia_textblock'  itemprop=\"text\" ><p style=\"text-align: center;\"><img loading=\"lazy\" decoding=\"async\" class=\"alignnone size-medium wp-image-722\" src=\"http:\/\/guixeres.basicestudioonline.com\/wp-content\/uploads\/2014\/08\/logo-guixeras-300x99.png\" alt=\"logo-guixeras\" width=\"300\" height=\"99\" srcset=\"https:\/\/www.lesguixeres.com\/wp-content\/uploads\/2014\/08\/logo-guixeras-300x99.png 300w, https:\/\/www.lesguixeres.com\/wp-content\/uploads\/2014\/08\/logo-guixeras.png 338w\" sizes=\"auto, (max-width: 300px) 100vw, 300px\" \/><\/p>\n<\/div><\/section>\n\n<style type=\"text\/css\" data-created_by=\"avia_inline_auto\" id=\"style-css-av-av_hr-ee2847e2e025ce3d30801259a03f9fd4\">\n#top .hr.hr-invisible.av-av_hr-ee2847e2e025ce3d30801259a03f9fd4{\nheight:10px;\n}\n<\/style>\n<div  class='hr av-av_hr-ee2847e2e025ce3d30801259a03f9fd4 hr-invisible  avia-builder-el-19  el_after_av_textblock  avia-builder-el-last '><span class='hr-inner '><span class=\"hr-inner-style\"><\/span><\/span><\/div>\n\n","protected":false},"excerpt":{"rendered":"","protected":false},"author":1,"featured_media":0,"parent":0,"menu_order":0,"comment_status":"closed","ping_status":"closed","template":"","meta":{"footnotes":""},"class_list":["post-996","page","type-page","status-publish","hentry"],"yoast_head":"<!-- This site is optimized with the Yoast SEO plugin v27.5 - https:\/\/yoast.com\/product\/yoast-seo-wordpress\/ -->\n<title>Informaci\u00f3n Empresarial de Badalona | LES GUIXERES<\/title>\n<meta name=\"description\" content=\"Informaci\u00f3n Empresarial de Badalona | LES GUIXERES Asociaci\u00f3n Empresarial\" \/>\n<meta name=\"robots\" content=\"index, follow, max-snippet:-1, max-image-preview:large, max-video-preview:-1\" \/>\n<link rel=\"canonical\" href=\"https:\/\/www.lesguixeres.com\/es\/informacion-empresarial-badalona\/\" \/>\n<meta property=\"og:locale\" content=\"es_ES\" \/>\n<meta property=\"og:type\" content=\"article\" \/>\n<meta property=\"og:title\" content=\"Informaci\u00f3n Empresarial de Badalona | LES GUIXERES\" \/>\n<meta property=\"og:description\" content=\"Informaci\u00f3n Empresarial de Badalona | LES GUIXERES Asociaci\u00f3n Empresarial\" \/>\n<meta property=\"og:url\" content=\"https:\/\/www.lesguixeres.com\/es\/informacion-empresarial-badalona\/\" \/>\n<meta property=\"og:site_name\" content=\"LES GUIXERES\" \/>\n<meta property=\"article:modified_time\" content=\"2016-07-22T10:32:23+00:00\" \/>\n<meta property=\"og:image\" content=\"http:\/\/guixeres.basicestudioonline.com\/wp-content\/uploads\/2014\/08\/logo-guixeras-300x99.png\" \/>\n<meta name=\"twitter:card\" content=\"summary_large_image\" \/>\n<meta name=\"twitter:label1\" content=\"Tiempo de lectura\" \/>\n\t<meta name=\"twitter:data1\" content=\"5 minutos\" \/>\n<script type=\"application\/ld+json\" class=\"yoast-schema-graph\">{\"@context\":\"https:\\\/\\\/schema.org\",\"@graph\":[{\"@type\":\"WebPage\",\"@id\":\"https:\\\/\\\/www.lesguixeres.com\\\/es\\\/informacion-empresarial-badalona\\\/\",\"url\":\"https:\\\/\\\/www.lesguixeres.com\\\/es\\\/informacion-empresarial-badalona\\\/\",\"name\":\"Informaci\u00f3n Empresarial de Badalona | LES GUIXERES\",\"isPartOf\":{\"@id\":\"https:\\\/\\\/www.lesguixeres.com\\\/#website\"},\"primaryImageOfPage\":{\"@id\":\"https:\\\/\\\/www.lesguixeres.com\\\/es\\\/informacion-empresarial-badalona\\\/#primaryimage\"},\"image\":{\"@id\":\"https:\\\/\\\/www.lesguixeres.com\\\/es\\\/informacion-empresarial-badalona\\\/#primaryimage\"},\"thumbnailUrl\":\"http:\\\/\\\/guixeres.basicestudioonline.com\\\/wp-content\\\/uploads\\\/2014\\\/08\\\/logo-guixeras-300x99.png\",\"datePublished\":\"2016-07-14T07:53:46+00:00\",\"dateModified\":\"2016-07-22T10:32:23+00:00\",\"description\":\"Informaci\u00f3n Empresarial de Badalona | LES GUIXERES Asociaci\u00f3n Empresarial\",\"breadcrumb\":{\"@id\":\"https:\\\/\\\/www.lesguixeres.com\\\/es\\\/informacion-empresarial-badalona\\\/#breadcrumb\"},\"inLanguage\":\"es\",\"potentialAction\":[{\"@type\":\"ReadAction\",\"target\":[\"https:\\\/\\\/www.lesguixeres.com\\\/es\\\/informacion-empresarial-badalona\\\/\"]}]},{\"@type\":\"ImageObject\",\"inLanguage\":\"es\",\"@id\":\"https:\\\/\\\/www.lesguixeres.com\\\/es\\\/informacion-empresarial-badalona\\\/#primaryimage\",\"url\":\"http:\\\/\\\/guixeres.basicestudioonline.com\\\/wp-content\\\/uploads\\\/2014\\\/08\\\/logo-guixeras-300x99.png\",\"contentUrl\":\"http:\\\/\\\/guixeres.basicestudioonline.com\\\/wp-content\\\/uploads\\\/2014\\\/08\\\/logo-guixeras-300x99.png\"},{\"@type\":\"BreadcrumbList\",\"@id\":\"https:\\\/\\\/www.lesguixeres.com\\\/es\\\/informacion-empresarial-badalona\\\/#breadcrumb\",\"itemListElement\":[{\"@type\":\"ListItem\",\"position\":1,\"name\":\"Portada\",\"item\":\"https:\\\/\\\/www.lesguixeres.com\\\/es\\\/\"},{\"@type\":\"ListItem\",\"position\":2,\"name\":\"Informaci\u00f3n empresarial\"}]},{\"@type\":\"WebSite\",\"@id\":\"https:\\\/\\\/www.lesguixeres.com\\\/#website\",\"url\":\"https:\\\/\\\/www.lesguixeres.com\\\/\",\"name\":\"LES GUIXERES\",\"description\":\"Asociaci\u00f3n Empresarial\",\"potentialAction\":[{\"@type\":\"SearchAction\",\"target\":{\"@type\":\"EntryPoint\",\"urlTemplate\":\"https:\\\/\\\/www.lesguixeres.com\\\/?s={search_term_string}\"},\"query-input\":{\"@type\":\"PropertyValueSpecification\",\"valueRequired\":true,\"valueName\":\"search_term_string\"}}],\"inLanguage\":\"es\"}]}<\/script>\n<!-- \/ Yoast SEO plugin. -->","yoast_head_json":{"title":"Informaci\u00f3n Empresarial de Badalona | LES GUIXERES","description":"Informaci\u00f3n Empresarial de Badalona | LES GUIXERES Asociaci\u00f3n Empresarial","robots":{"index":"index","follow":"follow","max-snippet":"max-snippet:-1","max-image-preview":"max-image-preview:large","max-video-preview":"max-video-preview:-1"},"canonical":"https:\/\/www.lesguixeres.com\/es\/informacion-empresarial-badalona\/","og_locale":"es_ES","og_type":"article","og_title":"Informaci\u00f3n Empresarial de Badalona | LES GUIXERES","og_description":"Informaci\u00f3n Empresarial de Badalona | LES GUIXERES Asociaci\u00f3n Empresarial","og_url":"https:\/\/www.lesguixeres.com\/es\/informacion-empresarial-badalona\/","og_site_name":"LES GUIXERES","article_modified_time":"2016-07-22T10:32:23+00:00","og_image":[{"url":"http:\/\/guixeres.basicestudioonline.com\/wp-content\/uploads\/2014\/08\/logo-guixeras-300x99.png","type":"","width":"","height":""}],"twitter_card":"summary_large_image","twitter_misc":{"Tiempo de lectura":"5 minutos"},"schema":{"@context":"https:\/\/schema.org","@graph":[{"@type":"WebPage","@id":"https:\/\/www.lesguixeres.com\/es\/informacion-empresarial-badalona\/","url":"https:\/\/www.lesguixeres.com\/es\/informacion-empresarial-badalona\/","name":"Informaci\u00f3n Empresarial de Badalona | LES GUIXERES","isPartOf":{"@id":"https:\/\/www.lesguixeres.com\/#website"},"primaryImageOfPage":{"@id":"https:\/\/www.lesguixeres.com\/es\/informacion-empresarial-badalona\/#primaryimage"},"image":{"@id":"https:\/\/www.lesguixeres.com\/es\/informacion-empresarial-badalona\/#primaryimage"},"thumbnailUrl":"http:\/\/guixeres.basicestudioonline.com\/wp-content\/uploads\/2014\/08\/logo-guixeras-300x99.png","datePublished":"2016-07-14T07:53:46+00:00","dateModified":"2016-07-22T10:32:23+00:00","description":"Informaci\u00f3n Empresarial de Badalona | LES GUIXERES Asociaci\u00f3n Empresarial","breadcrumb":{"@id":"https:\/\/www.lesguixeres.com\/es\/informacion-empresarial-badalona\/#breadcrumb"},"inLanguage":"es","potentialAction":[{"@type":"ReadAction","target":["https:\/\/www.lesguixeres.com\/es\/informacion-empresarial-badalona\/"]}]},{"@type":"ImageObject","inLanguage":"es","@id":"https:\/\/www.lesguixeres.com\/es\/informacion-empresarial-badalona\/#primaryimage","url":"http:\/\/guixeres.basicestudioonline.com\/wp-content\/uploads\/2014\/08\/logo-guixeras-300x99.png","contentUrl":"http:\/\/guixeres.basicestudioonline.com\/wp-content\/uploads\/2014\/08\/logo-guixeras-300x99.png"},{"@type":"BreadcrumbList","@id":"https:\/\/www.lesguixeres.com\/es\/informacion-empresarial-badalona\/#breadcrumb","itemListElement":[{"@type":"ListItem","position":1,"name":"Portada","item":"https:\/\/www.lesguixeres.com\/es\/"},{"@type":"ListItem","position":2,"name":"Informaci\u00f3n empresarial"}]},{"@type":"WebSite","@id":"https:\/\/www.lesguixeres.com\/#website","url":"https:\/\/www.lesguixeres.com\/","name":"LES GUIXERES","description":"Asociaci\u00f3n Empresarial","potentialAction":[{"@type":"SearchAction","target":{"@type":"EntryPoint","urlTemplate":"https:\/\/www.lesguixeres.com\/?s={search_term_string}"},"query-input":{"@type":"PropertyValueSpecification","valueRequired":true,"valueName":"search_term_string"}}],"inLanguage":"es"}]}},"_links":{"self":[{"href":"https:\/\/www.lesguixeres.com\/es\/wp-json\/wp\/v2\/pages\/996","targetHints":{"allow":["GET"]}}],"collection":[{"href":"https:\/\/www.lesguixeres.com\/es\/wp-json\/wp\/v2\/pages"}],"about":[{"href":"https:\/\/www.lesguixeres.com\/es\/wp-json\/wp\/v2\/types\/page"}],"author":[{"embeddable":true,"href":"https:\/\/www.lesguixeres.com\/es\/wp-json\/wp\/v2\/users\/1"}],"replies":[{"embeddable":true,"href":"https:\/\/www.lesguixeres.com\/es\/wp-json\/wp\/v2\/comments?post=996"}],"version-history":[{"count":9,"href":"https:\/\/www.lesguixeres.com\/es\/wp-json\/wp\/v2\/pages\/996\/revisions"}],"predecessor-version":[{"id":1177,"href":"https:\/\/www.lesguixeres.com\/es\/wp-json\/wp\/v2\/pages\/996\/revisions\/1177"}],"wp:attachment":[{"href":"https:\/\/www.lesguixeres.com\/es\/wp-json\/wp\/v2\/media?parent=996"}],"curies":[{"name":"wp","href":"https:\/\/api.w.org\/{rel}","templated":true}]}}